{"id":965,"date":"2021-11-08T12:09:20","date_gmt":"2021-11-08T19:09:20","guid":{"rendered":"https:\/\/epicclearning.ca\/about-us-2\/notre-equipe-2\/"},"modified":"2025-08-01T09:43:52","modified_gmt":"2025-08-01T16:43:52","slug":"notre-equipe","status":"publish","type":"page","link":"https:\/\/epicclearning.ca\/fr\/a-propos-de-nous\/notre-equipe\/","title":{"rendered":"Notre \u00e9quipe"},"content":{"rendered":"\t\t<div data-elementor-type=\"wp-page\" data-elementor-id=\"965\" class=\"elementor elementor-965 elementor-941\" data-elementor-post-type=\"page\">\n\t\t\t\t\t\t<section class=\"elementor-section elementor-top-section elementor-element elementor-element-e442eb0 elementor-section-boxed elementor-section-height-default elementor-section-height-default\" data-id=\"e442eb0\" data-element_type=\"section\">\n\t\t\t\t\t\t<div class=\"elementor-container elementor-column-gap-default\">\n\t\t\t\t\t<div class=\"elementor-column elementor-col-100 elementor-top-column elementor-element elementor-element-5b61348\" data-id=\"5b61348\" data-element_type=\"column\">\n\t\t\t<div class=\"elementor-widget-wrap elementor-element-populated\">\n\t\t\t\t\t\t<section class=\"elementor-section elementor-inner-section elementor-element elementor-element-da985ec elementor-section-boxed elementor-section-height-default elementor-section-height-default\" data-id=\"da985ec\" data-element_type=\"section\">\n\t\t\t\t\t\t<div class=\"elementor-container elementor-column-gap-default\">\n\t\t\t\t\t<div class=\"elementor-column elementor-col-66 elementor-inner-column elementor-element elementor-element-c9f27c9\" data-id=\"c9f27c9\" data-element_type=\"column\">\n\t\t\t<div class=\"elementor-widget-wrap elementor-element-populated\">\n\t\t\t\t\t\t<div class=\"elementor-element elementor-element-8ba09bb elementor-widget elementor-widget-text-editor\" data-id=\"8ba09bb\" data-element_type=\"widget\" data-widget_type=\"text-editor.default\">\n\t\t\t\t<div class=\"elementor-widget-container\">\n\t\t\t\t\t\t\t\t\t<h2>Qui sommes nous?<\/h2>\n<p><\/p>\n<div>EPICC est supervis\u00e9 par la Society of Professionals in Emergency Care (SoPEC), une soci\u00e9t\u00e9 f\u00e9d\u00e9ral sans but lucratif enregistr\u00e9 au Canada. Notre \u00e9quipe de d\u00e9veloppement national se porte volontaire pour g\u00e9rer le programme avec l&rsquo;aide de nombreux b\u00e9n\u00e9voles \u00e0 travers le pays.<\/div>\n\t\t\t\t\t\t\t\t<\/div>\n\t\t\t\t<\/div>\n\t\t\t\t\t<\/div>\n\t\t<\/div>\n\t\t\t\t<div class=\"elementor-column elementor-col-33 elementor-inner-column elementor-element elementor-element-d8231b9\" data-id=\"d8231b9\" data-element_type=\"column\">\n\t\t\t<div class=\"elementor-widget-wrap elementor-element-populated\">\n\t\t\t\t\t\t<div class=\"elementor-element elementor-element-69309cf elementor-widget elementor-widget-image\" data-id=\"69309cf\" data-element_type=\"widget\" data-widget_type=\"image.default\">\n\t\t\t\t<div class=\"elementor-widget-container\">\n\t\t\t\t\t\t\t\t\t\t\t\t\t\t\t<img decoding=\"async\" src=\"https:\/\/epicclearning.ca\/wp-content\/uploads\/elementor\/thumbs\/sopec-v011-bw-single-whitebg-ouga7nm5ne3yndh7mz1xpxm8rapofj5mw2jzd8yp6o.jpg\" title=\"sopec-v011-bw-single-whitebg\" alt=\"sopec-v011-bw-single-whitebg\" loading=\"lazy\" \/>\t\t\t\t\t\t\t\t\t\t\t\t\t\t\t<\/div>\n\t\t\t\t<\/div>\n\t\t\t\t\t<\/div>\n\t\t<\/div>\n\t\t\t\t\t<\/div>\n\t\t<\/section>\n\t\t\t\t<section class=\"elementor-section elementor-inner-section elementor-element elementor-element-1b5986e elementor-section-boxed elementor-section-height-default elementor-section-height-default\" data-id=\"1b5986e\" data-element_type=\"section\">\n\t\t\t\t\t\t<div class=\"elementor-container elementor-column-gap-default\">\n\t\t\t\t\t<div class=\"elementor-column elementor-col-33 elementor-inner-column elementor-element elementor-element-d1c1bc8\" data-id=\"d1c1bc8\" data-element_type=\"column\">\n\t\t\t<div class=\"elementor-widget-wrap elementor-element-populated\">\n\t\t\t\t\t\t<div class=\"elementor-element elementor-element-dac4c90 elementor-widget elementor-widget-image\" data-id=\"dac4c90\" data-element_type=\"widget\" data-widget_type=\"image.default\">\n\t\t\t\t<div class=\"elementor-widget-container\">\n\t\t\t\t\t\t\t\t\t\t\t\t\t\t\t<img decoding=\"async\" src=\"https:\/\/epicclearning.ca\/wp-content\/uploads\/elementor\/thumbs\/SOPEC-Marceau-oubdhselet79fh45n24e0vr4e4rqvcz2uhuztj13pc.jpeg\" title=\"SOPEC &#8211; Marceau\" alt=\"SOPEC - Marceau\" loading=\"lazy\" \/>\t\t\t\t\t\t\t\t\t\t\t\t\t\t\t<\/div>\n\t\t\t\t<\/div>\n\t\t\t\t<div class=\"elementor-element elementor-element-ce531fe elementor-widget elementor-widget-text-editor\" data-id=\"ce531fe\" data-element_type=\"widget\" data-widget_type=\"text-editor.default\">\n\t\t\t\t<div class=\"elementor-widget-container\">\n\t\t\t\t\t\t\t\t\t<h3 style=\"text-align: center;\">Dr. Melanie Marceau<\/h3>\n<p><\/p>\n<h4 style=\"text-align: center;\">RN, BSN, MSN, PhD<\/h4>\n<p><\/p>\n<h5 style=\"text-align: center;\">R\u00e9dactrice en chef et d\u00e9veloppement scientifique<\/h5>\n\t\t\t\t\t\t\t\t<\/div>\n\t\t\t\t<\/div>\n\t\t\t\t\t<\/div>\n\t\t<\/div>\n\t\t\t\t<div class=\"elementor-column elementor-col-33 elementor-inner-column elementor-element elementor-element-bd9e0e3\" data-id=\"bd9e0e3\" data-element_type=\"column\">\n\t\t\t<div class=\"elementor-widget-wrap elementor-element-populated\">\n\t\t\t\t\t\t<div class=\"elementor-element elementor-element-11d467a elementor-widget elementor-widget-image\" data-id=\"11d467a\" data-element_type=\"widget\" data-widget_type=\"image.default\">\n\t\t\t\t<div class=\"elementor-widget-container\">\n\t\t\t\t\t\t\t\t\t\t\t\t\t\t\t<img decoding=\"async\" src=\"https:\/\/epicclearning.ca\/wp-content\/uploads\/elementor\/thumbs\/SOPEC-McLaughlin-oubdhj07igue7dht5y24by4iga22qdxrh7c50rf1fk.jpg\" title=\"SOPEC &#8211; McLaughlin\" alt=\"SOPEC - McLaughlin\" loading=\"lazy\" \/>\t\t\t\t\t\t\t\t\t\t\t\t\t\t\t<\/div>\n\t\t\t\t<\/div>\n\t\t\t\t<div class=\"elementor-element elementor-element-852edf3 elementor-widget elementor-widget-text-editor\" data-id=\"852edf3\" data-element_type=\"widget\" data-widget_type=\"text-editor.default\">\n\t\t\t\t<div class=\"elementor-widget-container\">\n\t\t\t\t\t\t\t\t\t<h3 style=\"text-align: center;\">Monique McLaughlin<\/h3>\n<p><\/p>\n<h4 style=\"text-align: center;\">RN, BSN, MSN, NP-F<\/h4>\n<p><\/p>\n<h5 style=\"text-align: center;\">R\u00e9dactrice en chef et support aux facilitateurs<\/h5>\n\t\t\t\t\t\t\t\t<\/div>\n\t\t\t\t<\/div>\n\t\t\t\t\t<\/div>\n\t\t<\/div>\n\t\t\t\t<div class=\"elementor-column elementor-col-33 elementor-inner-column elementor-element elementor-element-71cb7b7\" data-id=\"71cb7b7\" data-element_type=\"column\">\n\t\t\t<div class=\"elementor-widget-wrap elementor-element-populated\">\n\t\t\t\t\t\t<div class=\"elementor-element elementor-element-b79a407 elementor-widget elementor-widget-image\" data-id=\"b79a407\" data-element_type=\"widget\" data-widget_type=\"image.default\">\n\t\t\t\t<div class=\"elementor-widget-container\">\n\t\t\t\t\t\t\t\t\t\t\t\t\t\t\t<img decoding=\"async\" src=\"https:\/\/epicclearning.ca\/wp-content\/uploads\/elementor\/thumbs\/SOPEC-James-oubdhg6oxyqj8jlwmeu8mgu4o4fz3amkgtdokxj7y8.jpg\" title=\"Landon James-6468 &#8211; Version 2\" alt=\"Landon James-6468 - Version 2\" loading=\"lazy\" \/>\t\t\t\t\t\t\t\t\t\t\t\t\t\t\t<\/div>\n\t\t\t\t<\/div>\n\t\t\t\t<div class=\"elementor-element elementor-element-8ae8a16 elementor-widget elementor-widget-text-editor\" data-id=\"8ae8a16\" data-element_type=\"widget\" data-widget_type=\"text-editor.default\">\n\t\t\t\t<div class=\"elementor-widget-container\">\n\t\t\t\t\t\t\t\t\t<h3 style=\"text-align: center;\">Landon James<\/h3>\n<p><\/p>\n<h4 style=\"text-align: center;\">RN, BSN, MA, ACP<\/h4>\n<p><\/p>\n<h5 style=\"text-align: center;\">Directeur de r\u00e9daction et charg\u00e9 de projet<\/h5>\n\t\t\t\t\t\t\t\t<\/div>\n\t\t\t\t<\/div>\n\t\t\t\t\t<\/div>\n\t\t<\/div>\n\t\t\t\t\t<\/div>\n\t\t<\/section>\n\t\t\t\t<section class=\"elementor-section elementor-inner-section elementor-element elementor-element-b28993f elementor-section-boxed elementor-section-height-default elementor-section-height-default\" data-id=\"b28993f\" data-element_type=\"section\">\n\t\t\t\t\t\t<div class=\"elementor-container elementor-column-gap-default\">\n\t\t\t\t\t<div class=\"elementor-column elementor-col-33 elementor-inner-column elementor-element elementor-element-e681155\" data-id=\"e681155\" data-element_type=\"column\">\n\t\t\t<div class=\"elementor-widget-wrap elementor-element-populated\">\n\t\t\t\t\t\t<div class=\"elementor-element elementor-element-61a2541 elementor-widget elementor-widget-image\" data-id=\"61a2541\" data-element_type=\"widget\" data-widget_type=\"image.default\">\n\t\t\t\t<div class=\"elementor-widget-container\">\n\t\t\t\t\t\t\t\t\t\t\t\t\t\t\t<img decoding=\"async\" src=\"https:\/\/epicclearning.ca\/wp-content\/uploads\/elementor\/thumbs\/SOPEC-Lee-oubdhrgr7z5z3v5isjprgdznsqwdnnvcid7ic92hvk.jpg\" title=\"SOPEC &#8211; Lee\" alt=\"SOPEC - Lee\" loading=\"lazy\" \/>\t\t\t\t\t\t\t\t\t\t\t\t\t\t\t<\/div>\n\t\t\t\t<\/div>\n\t\t\t\t<div class=\"elementor-element elementor-element-a82f57f elementor-widget elementor-widget-text-editor\" data-id=\"a82f57f\" data-element_type=\"widget\" data-widget_type=\"text-editor.default\">\n\t\t\t\t<div class=\"elementor-widget-container\">\n\t\t\t\t\t\t\t\t\t<h3 style=\"text-align: center;\">Brian Lee<\/h3>\n<p><\/p>\n<h4 style=\"text-align: center;\">RN, BSN<\/h4>\n<p><\/p>\n<h5 style=\"text-align: center;\">R\u00e9dacteur en chef<\/h5>\n\t\t\t\t\t\t\t\t<\/div>\n\t\t\t\t<\/div>\n\t\t\t\t\t<\/div>\n\t\t<\/div>\n\t\t\t\t<div class=\"elementor-column elementor-col-33 elementor-inner-column elementor-element elementor-element-21e0d46\" data-id=\"21e0d46\" data-element_type=\"column\">\n\t\t\t<div class=\"elementor-widget-wrap elementor-element-populated\">\n\t\t\t\t\t\t<div class=\"elementor-element elementor-element-f0adbe8 elementor-widget elementor-widget-image\" data-id=\"f0adbe8\" data-element_type=\"widget\" data-widget_type=\"image.default\">\n\t\t\t\t<div class=\"elementor-widget-container\">\n\t\t\t\t\t\t\t\t\t\t\t\t\t\t\t<img decoding=\"async\" src=\"https:\/\/epicclearning.ca\/wp-content\/uploads\/elementor\/thumbs\/SOPEC-Bouchard-oubdhkvvw4wyulf2uyvdgxnfn1st5s585gn3zbc934.png\" title=\"SOPEC &#8211; Bouchard\" alt=\"SOPEC - Bouchard\" loading=\"lazy\" \/>\t\t\t\t\t\t\t\t\t\t\t\t\t\t\t<\/div>\n\t\t\t\t<\/div>\n\t\t\t\t<div class=\"elementor-element elementor-element-12b41ac elementor-widget elementor-widget-text-editor\" data-id=\"12b41ac\" data-element_type=\"widget\" data-widget_type=\"text-editor.default\">\n\t\t\t\t<div class=\"elementor-widget-container\">\n\t\t\t\t\t\t\t\t\t<h3 style=\"text-align: center;\">Denis Bouchard<\/h3>\n<p><\/p>\n<h4 style=\"text-align: center;\">RN<\/h4>\n<p><\/p>\n<h5 style=\"text-align: center;\">R\u00e9dacteur en chef et responsable de la traudction<\/h5>\n\t\t\t\t\t\t\t\t<\/div>\n\t\t\t\t<\/div>\n\t\t\t\t\t<\/div>\n\t\t<\/div>\n\t\t\t\t<div class=\"elementor-column elementor-col-33 elementor-inner-column elementor-element elementor-element-f5aca54\" data-id=\"f5aca54\" data-element_type=\"column\">\n\t\t\t<div class=\"elementor-widget-wrap elementor-element-populated\">\n\t\t\t\t\t\t<div class=\"elementor-element elementor-element-801f34f elementor-widget elementor-widget-image\" data-id=\"801f34f\" data-element_type=\"widget\" data-widget_type=\"image.default\">\n\t\t\t\t<div class=\"elementor-widget-container\">\n\t\t\t\t\t\t\t\t\t\t\t\t\t\t\t<img decoding=\"async\" src=\"https:\/\/epicclearning.ca\/wp-content\/uploads\/elementor\/thumbs\/SOPEC-Blackbourn-oubdyagle3sh9159a6wlspuftnfq02hfs65v4ekagw.jpg\" title=\"SOPEC &#8211; Blackbourn\" alt=\"SOPEC - Blackbourn\" loading=\"lazy\" \/>\t\t\t\t\t\t\t\t\t\t\t\t\t\t\t<\/div>\n\t\t\t\t<\/div>\n\t\t\t\t<div class=\"elementor-element elementor-element-e82dff8 elementor-widget elementor-widget-text-editor\" data-id=\"e82dff8\" data-element_type=\"widget\" data-widget_type=\"text-editor.default\">\n\t\t\t\t<div class=\"elementor-widget-container\">\n\t\t\t\t\t\t\t\t\t<h3 style=\"text-align: center;\">Jessica Blackbourn<\/h3>\n<p><\/p>\n<h4 style=\"text-align: center;\">RN, BSN<\/h4>\n<p><\/p>\n<h5 style=\"text-align: center;\">R\u00e9dactrice en chef et charg\u00e9 du project p\u00e9diatrie<\/h5>\n\t\t\t\t\t\t\t\t<\/div>\n\t\t\t\t<\/div>\n\t\t\t\t\t<\/div>\n\t\t<\/div>\n\t\t\t\t\t<\/div>\n\t\t<\/section>\n\t\t\t\t\t<\/div>\n\t\t<\/div>\n\t\t\t\t\t<\/div>\n\t\t<\/section>\n\t\t\t\t<\/div>\n\t\t","protected":false},"excerpt":{"rendered":"<p>Qui sommes nous? EPICC est supervis\u00e9 par la Society of Professionals in Emergency Care (SoPEC), une soci\u00e9t\u00e9 f\u00e9d\u00e9ral sans but lucratif enregistr\u00e9 au Canada. Notre \u00e9quipe de d\u00e9veloppement national se porte volontaire pour g\u00e9rer le programme avec l&rsquo;aide de nombreux b\u00e9n\u00e9voles \u00e0 travers le pays. Dr. Melanie Marceau RN, BSN, MSN, PhD R\u00e9dactrice en chef [&hellip;]<\/p>\n","protected":false},"author":1,"featured_media":0,"parent":240,"menu_order":0,"comment_status":"closed","ping_status":"closed","template":"","meta":{"ocean_post_layout":"","ocean_both_sidebars_style":"","ocean_both_sidebars_content_width":0,"ocean_both_sidebars_sidebars_width":0,"ocean_sidebar":"","ocean_second_sidebar":"","ocean_disable_margins":"enable","ocean_add_body_class":"","ocean_shortcode_before_top_bar":"","ocean_shortcode_after_top_bar":"","ocean_shortcode_before_header":"","ocean_shortcode_after_header":"","ocean_has_shortcode":"","ocean_shortcode_after_title":"","ocean_shortcode_before_footer_widgets":"","ocean_shortcode_after_footer_widgets":"","ocean_shortcode_before_footer_bottom":"","ocean_shortcode_after_footer_bottom":"","ocean_display_top_bar":"default","ocean_display_header":"default","ocean_header_style":"","ocean_center_header_left_menu":"","ocean_custom_header_template":"","ocean_custom_logo":0,"ocean_custom_retina_logo":0,"ocean_custom_logo_max_width":0,"ocean_custom_logo_tablet_max_width":0,"ocean_custom_logo_mobile_max_width":0,"ocean_custom_logo_max_height":0,"ocean_custom_logo_tablet_max_height":0,"ocean_custom_logo_mobile_max_height":0,"ocean_header_custom_menu":"","ocean_menu_typo_font_family":"","ocean_menu_typo_font_subset":"","ocean_menu_typo_font_size":0,"ocean_menu_typo_font_size_tablet":0,"ocean_menu_typo_font_size_mobile":0,"ocean_menu_typo_font_size_unit":"px","ocean_menu_typo_font_weight":"","ocean_menu_typo_font_weight_tablet":"","ocean_menu_typo_font_weight_mobile":"","ocean_menu_typo_transform":"","ocean_menu_typo_transform_tablet":"","ocean_menu_typo_transform_mobile":"","ocean_menu_typo_line_height":0,"ocean_menu_typo_line_height_tablet":0,"ocean_menu_typo_line_height_mobile":0,"ocean_menu_typo_line_height_unit":"","ocean_menu_typo_spacing":0,"ocean_menu_typo_spacing_tablet":0,"ocean_menu_typo_spacing_mobile":0,"ocean_menu_typo_spacing_unit":"","ocean_menu_link_color":"","ocean_menu_link_color_hover":"","ocean_menu_link_color_active":"","ocean_menu_link_background":"","ocean_menu_link_hover_background":"","ocean_menu_link_active_background":"","ocean_menu_social_links_bg":"","ocean_menu_social_hover_links_bg":"","ocean_menu_social_links_color":"","ocean_menu_social_hover_links_color":"","ocean_disable_title":"default","ocean_disable_heading":"default","ocean_post_title":"","ocean_post_subheading":"","ocean_post_title_style":"","ocean_post_title_background_color":"","ocean_post_title_background":0,"ocean_post_title_bg_image_position":"","ocean_post_title_bg_image_attachment":"","ocean_post_title_bg_image_repeat":"","ocean_post_title_bg_image_size":"","ocean_post_title_height":0,"ocean_post_title_bg_overlay":0.5,"ocean_post_title_bg_overlay_color":"","ocean_disable_breadcrumbs":"default","ocean_breadcrumbs_color":"","ocean_breadcrumbs_separator_color":"","ocean_breadcrumbs_links_color":"","ocean_breadcrumbs_links_hover_color":"","ocean_display_footer_widgets":"default","ocean_display_footer_bottom":"default","ocean_custom_footer_template":"","footnotes":""},"class_list":["post-965","page","type-page","status-publish","hentry","entry"],"_links":{"self":[{"href":"https:\/\/epicclearning.ca\/fr\/wp-json\/wp\/v2\/pages\/965","targetHints":{"allow":["GET"]}}],"collection":[{"href":"https:\/\/epicclearning.ca\/fr\/wp-json\/wp\/v2\/pages"}],"about":[{"href":"https:\/\/epicclearning.ca\/fr\/wp-json\/wp\/v2\/types\/page"}],"author":[{"embeddable":true,"href":"https:\/\/epicclearning.ca\/fr\/wp-json\/wp\/v2\/users\/1"}],"replies":[{"embeddable":true,"href":"https:\/\/epicclearning.ca\/fr\/wp-json\/wp\/v2\/comments?post=965"}],"version-history":[{"count":7,"href":"https:\/\/epicclearning.ca\/fr\/wp-json\/wp\/v2\/pages\/965\/revisions"}],"predecessor-version":[{"id":2318,"href":"https:\/\/epicclearning.ca\/fr\/wp-json\/wp\/v2\/pages\/965\/revisions\/2318"}],"up":[{"embeddable":true,"href":"https:\/\/epicclearning.ca\/fr\/wp-json\/wp\/v2\/pages\/240"}],"wp:attachment":[{"href":"https:\/\/epicclearning.ca\/fr\/wp-json\/wp\/v2\/media?parent=965"}],"curies":[{"name":"wp","href":"https:\/\/api.w.org\/{rel}","templated":true}]}}