{"id":255,"date":"2020-08-22T13:40:05","date_gmt":"2020-08-22T20:40:05","guid":{"rendered":"http:\/\/new.epicclearning.ca\/?page_id=255"},"modified":"2021-11-08T13:36:47","modified_gmt":"2021-11-08T20:36:47","slug":"accreditation","status":"publish","type":"page","link":"https:\/\/epicclearning.ca\/fr\/a-propos-de-nous\/accreditation\/","title":{"rendered":"Accr\u00e9ditation"},"content":{"rendered":"\t\t<div data-elementor-type=\"wp-page\" data-elementor-id=\"255\" class=\"elementor elementor-255\" data-elementor-post-type=\"page\">\n\t\t\t\t\t\t<section class=\"elementor-section elementor-top-section elementor-element elementor-element-765472ff elementor-section-boxed elementor-section-height-default elementor-section-height-default\" data-id=\"765472ff\" data-element_type=\"section\">\n\t\t\t\t\t\t<div class=\"elementor-container elementor-column-gap-default\">\n\t\t\t\t\t<div class=\"elementor-column elementor-col-100 elementor-top-column elementor-element elementor-element-5ccaf044\" data-id=\"5ccaf044\" data-element_type=\"column\">\n\t\t\t<div class=\"elementor-widget-wrap elementor-element-populated\">\n\t\t\t\t\t\t<div class=\"elementor-element elementor-element-5fab3c3 elementor-widget elementor-widget-text-editor\" data-id=\"5fab3c3\" data-element_type=\"widget\" data-widget_type=\"text-editor.default\">\n\t\t\t\t<div class=\"elementor-widget-container\">\n\t\t\t\t\t\t\t\t\t<div class=\"p-6QnyKGQ0vvUt5xDt pagelayer-heading\"><div class=\"pagelayer-heading-holder\"><h2>Accr\u00e9ditation<\/h2><p>\u00a0<\/p><\/div><\/div><div class=\"p-ruPlCJOBjRVtXQ9T pagelayer-text\"><div class=\"pagelayer-text-holder\"><p>La formation EPICC favorise le d\u00e9veloppement professionnel continu des infirmiers et infirmi\u00e8res. Apr\u00e8s votre cours, vous recevrez une attestation qui pr\u00e9cise le nombre d\u2019heures de formation en ligne et en pr\u00e9sentiel auxquelles vous avez particip\u00e9.<\/p><p>Comme ces heures sont admissibles pour des heures de formation accr\u00e9dit\u00e9es aupr\u00e8s de votre ordre professionnel, nous trouvons important de partager avec vous notre processus rigoureux.<\/p><h4>\u00a0<\/h4><h4><strong>Pourquoi avons-nous d\u00e9velopp\u00e9 la formation EPICC et chacun des programmes?<\/strong><\/h4><p>\u00a0<\/p><p>Les objectifs de la formation EPICC visent \u00e0 outiller le personnel infirmier \u00e0 mieux \u00e9valuer, intervenir et communiquer dans un contexte de soins d\u2019urgence. Les objectifs sont issus des besoins de formation identifi\u00e9s\u00a0:<\/p><ul><li>Absence de formation certifi\u00e9e \u00e9labor\u00e9e sp\u00e9cifiquement pour le personnel infirmier travaillant dans les urgences du Canada (besoin d\u00e9montr\u00e9)<\/li><li>Absence de formation bilingue (besoin d\u00e9montr\u00e9)<\/li><li>Pratiques et technologies en constante \u00e9volution (besoin normatif)<\/li><li>Demande de formation par le personnel infirmier \u0153uvrant dans les urgences dans les diff\u00e9rentes provinces canadiennes (besoin ressenti)<\/li><\/ul><h4>\u00a0<\/h4><h4><strong>Comment avons-nous d\u00e9velopp\u00e9 les cours du programme EPICC?<\/strong><\/h4><p>\u00a0<\/p><p>Chacun des programmes EPICC a \u00e9t\u00e9 d\u00e9velopp\u00e9 \u00e0 l\u2019aide d\u2019un processus rigoureux.<\/p><\/div><\/div>\t\t\t\t\t\t\t\t<\/div>\n\t\t\t\t<\/div>\n\t\t\t\t<div class=\"elementor-element elementor-element-e36bccf elementor-widget elementor-widget-toggle\" data-id=\"e36bccf\" data-element_type=\"widget\" data-widget_type=\"toggle.default\">\n\t\t\t\t<div class=\"elementor-widget-container\">\n\t\t\t\t\t\t\t<div class=\"elementor-toggle\">\n\t\t\t\t\t\t\t<div class=\"elementor-toggle-item\">\n\t\t\t\t\t<div id=\"elementor-tab-title-2381\" class=\"elementor-tab-title\" data-tab=\"1\" role=\"button\" aria-controls=\"elementor-tab-content-2381\" aria-expanded=\"false\">\n\t\t\t\t\t\t\t\t\t\t\t\t<span class=\"elementor-toggle-icon elementor-toggle-icon-left\" aria-hidden=\"true\">\n\t\t\t\t\t\t\t\t\t\t\t\t\t\t\t<span class=\"elementor-toggle-icon-closed\"><i class=\"fas fa-arrow-alt-circle-down\"><\/i><\/span>\n\t\t\t\t\t\t\t\t<span class=\"elementor-toggle-icon-opened\"><i class=\"elementor-toggle-icon-opened fas fa-arrow-alt-circle-right\"><\/i><\/span>\n\t\t\t\t\t\t\t\t\t\t\t\t\t<\/span>\n\t\t\t\t\t\t\t\t\t\t\t\t<a class=\"elementor-toggle-title\" tabindex=\"0\">1 - Developpement de contenu<\/a>\n\t\t\t\t\t<\/div>\n\n\t\t\t\t\t<div id=\"elementor-tab-content-2381\" class=\"elementor-tab-content elementor-clearfix\" data-tab=\"1\" role=\"region\" aria-labelledby=\"elementor-tab-title-2381\"><p>Le contenu de la formation s\u2019appuie sur les comp\u00e9tences en soins d\u2019urgence de l\u2019Association des Infirmi\u00e8res et Infirmiers du Canada (AIIC) (Canadian Nurses Association, 2012) ainsi que sur les donn\u00e9es probantes d\u00e9coulant de la litt\u00e9rature.<\/p><\/div>\n\t\t\t\t<\/div>\n\t\t\t\t\t\t\t<div class=\"elementor-toggle-item\">\n\t\t\t\t\t<div id=\"elementor-tab-title-2382\" class=\"elementor-tab-title\" data-tab=\"2\" role=\"button\" aria-controls=\"elementor-tab-content-2382\" aria-expanded=\"false\">\n\t\t\t\t\t\t\t\t\t\t\t\t<span class=\"elementor-toggle-icon elementor-toggle-icon-left\" aria-hidden=\"true\">\n\t\t\t\t\t\t\t\t\t\t\t\t\t\t\t<span class=\"elementor-toggle-icon-closed\"><i class=\"fas fa-arrow-alt-circle-down\"><\/i><\/span>\n\t\t\t\t\t\t\t\t<span class=\"elementor-toggle-icon-opened\"><i class=\"elementor-toggle-icon-opened fas fa-arrow-alt-circle-right\"><\/i><\/span>\n\t\t\t\t\t\t\t\t\t\t\t\t\t<\/span>\n\t\t\t\t\t\t\t\t\t\t\t\t<a class=\"elementor-toggle-title\" tabindex=\"0\">2 - R\u00e9vision par les pairs<\/a>\n\t\t\t\t\t<\/div>\n\n\t\t\t\t\t<div id=\"elementor-tab-content-2382\" class=\"elementor-tab-content elementor-clearfix\" data-tab=\"2\" role=\"region\" aria-labelledby=\"elementor-tab-title-2382\"><p>Le contenu a \u00e9t\u00e9 \u00e9labor\u00e9 par des infirmi\u00e8res et infirmiers experts en soins d\u2019urgence provenant de partout au Canada. Le contenu a \u00e9t\u00e9 traduit de l\u2019anglais au fran\u00e7ais ou du fran\u00e7ais \u00e0 l\u2019anglais, selon la langue de d\u00e9veloppement. Une r\u00e9vision par les pairs a permis d\u2019assurer la qualit\u00e9 et la cr\u00e9dibilit\u00e9 du contenu.<\/p><\/div>\n\t\t\t\t<\/div>\n\t\t\t\t\t\t\t<div class=\"elementor-toggle-item\">\n\t\t\t\t\t<div id=\"elementor-tab-title-2383\" class=\"elementor-tab-title\" data-tab=\"3\" role=\"button\" aria-controls=\"elementor-tab-content-2383\" aria-expanded=\"false\">\n\t\t\t\t\t\t\t\t\t\t\t\t<span class=\"elementor-toggle-icon elementor-toggle-icon-left\" aria-hidden=\"true\">\n\t\t\t\t\t\t\t\t\t\t\t\t\t\t\t<span class=\"elementor-toggle-icon-closed\"><i class=\"fas fa-arrow-alt-circle-down\"><\/i><\/span>\n\t\t\t\t\t\t\t\t<span class=\"elementor-toggle-icon-opened\"><i class=\"elementor-toggle-icon-opened fas fa-arrow-alt-circle-right\"><\/i><\/span>\n\t\t\t\t\t\t\t\t\t\t\t\t\t<\/span>\n\t\t\t\t\t\t\t\t\t\t\t\t<a class=\"elementor-toggle-title\" tabindex=\"0\">3 - Groupes tests<\/a>\n\t\t\t\t\t<\/div>\n\n\t\t\t\t\t<div id=\"elementor-tab-content-2383\" class=\"elementor-tab-content elementor-clearfix\" data-tab=\"3\" role=\"region\" aria-labelledby=\"elementor-tab-title-2383\"><p>Pour chacun des programmes EPICC, un ou plusieurs groupes tests ont favoris\u00e9 l\u2019am\u00e9lioration du d\u00e9roulement et du contenu de l\u2019activit\u00e9.<\/p><\/div>\n\t\t\t\t<\/div>\n\t\t\t\t\t\t\t<div class=\"elementor-toggle-item\">\n\t\t\t\t\t<div id=\"elementor-tab-title-2384\" class=\"elementor-tab-title\" data-tab=\"4\" role=\"button\" aria-controls=\"elementor-tab-content-2384\" aria-expanded=\"false\">\n\t\t\t\t\t\t\t\t\t\t\t\t<span class=\"elementor-toggle-icon elementor-toggle-icon-left\" aria-hidden=\"true\">\n\t\t\t\t\t\t\t\t\t\t\t\t\t\t\t<span class=\"elementor-toggle-icon-closed\"><i class=\"fas fa-arrow-alt-circle-down\"><\/i><\/span>\n\t\t\t\t\t\t\t\t<span class=\"elementor-toggle-icon-opened\"><i class=\"elementor-toggle-icon-opened fas fa-arrow-alt-circle-right\"><\/i><\/span>\n\t\t\t\t\t\t\t\t\t\t\t\t\t<\/span>\n\t\t\t\t\t\t\t\t\t\t\t\t<a class=\"elementor-toggle-title\" tabindex=\"0\">4 - R\u00e9vision par les pairs<\/a>\n\t\t\t\t\t<\/div>\n\n\t\t\t\t\t<div id=\"elementor-tab-content-2384\" class=\"elementor-tab-content elementor-clearfix\" data-tab=\"4\" role=\"region\" aria-labelledby=\"elementor-tab-title-2384\"><p>Des modifications ont \u00e9t\u00e9 apport\u00e9es \u00e0 la formation apr\u00e8s le groupe test. Au besoin, une nouvelle r\u00e9vision par les pairs a \u00e9t\u00e9 effectu\u00e9e.<\/p><\/div>\n\t\t\t\t<\/div>\n\t\t\t\t\t\t\t<div class=\"elementor-toggle-item\">\n\t\t\t\t\t<div id=\"elementor-tab-title-2385\" class=\"elementor-tab-title\" data-tab=\"5\" role=\"button\" aria-controls=\"elementor-tab-content-2385\" aria-expanded=\"false\">\n\t\t\t\t\t\t\t\t\t\t\t\t<span class=\"elementor-toggle-icon elementor-toggle-icon-left\" aria-hidden=\"true\">\n\t\t\t\t\t\t\t\t\t\t\t\t\t\t\t<span class=\"elementor-toggle-icon-closed\"><i class=\"fas fa-arrow-alt-circle-down\"><\/i><\/span>\n\t\t\t\t\t\t\t\t<span class=\"elementor-toggle-icon-opened\"><i class=\"elementor-toggle-icon-opened fas fa-arrow-alt-circle-right\"><\/i><\/span>\n\t\t\t\t\t\t\t\t\t\t\t\t\t<\/span>\n\t\t\t\t\t\t\t\t\t\t\t\t<a class=\"elementor-toggle-title\" tabindex=\"0\">5 - Diffusion du programme<\/a>\n\t\t\t\t\t<\/div>\n\n\t\t\t\t\t<div id=\"elementor-tab-content-2385\" class=\"elementor-tab-content elementor-clearfix\" data-tab=\"5\" role=\"region\" aria-labelledby=\"elementor-tab-title-2385\"><p>La diffusion de la formation dans les deux langues officielles du Canada est une priorit\u00e9 pour nous. Jusqu\u2019\u00e0 maintenant, nous avons r\u00e9ussi \u00e0 offrir toutes les formations en fran\u00e7ais et en anglais.<\/p><p>Afin d\u2019assurer la qualit\u00e9 et l\u2019uniformit\u00e9 de l\u2019enseignement offert, tous les facilitateurs ont assist\u00e9 \u00e0 une formation sp\u00e9cifique et ont \u00e9t\u00e9 supervis\u00e9s par un mentor EPICC.<\/p><\/div>\n\t\t\t\t<\/div>\n\t\t\t\t\t\t\t\t<\/div>\n\t\t\t\t\t\t<\/div>\n\t\t\t\t<\/div>\n\t\t\t\t<div class=\"elementor-element elementor-element-d004a09 elementor-widget elementor-widget-text-editor\" data-id=\"d004a09\" data-element_type=\"widget\" data-widget_type=\"text-editor.default\">\n\t\t\t\t<div class=\"elementor-widget-container\">\n\t\t\t\t\t\t\t\t\t<h4>Est-ce que les strat\u00e9gies p\u00e9dagogiques sont interactives?<\/h4><p>Chacun des programmes EPICC se d\u00e9roule en deux parties<\/p><ul><li><u>Formation en ligne<\/u>. L\u2019apprenant consulte diff\u00e9rents sujets sur une plate-forme web avant de se pr\u00e9senter en classe.<\/li><li><u>Formation en pr\u00e9sentiel<\/u>. L\u2019ensemble de la formation en pr\u00e9sentiel est interactive. Les strat\u00e9gies p\u00e9dagogiques sont vari\u00e9es (p.ex. discussion en grand groupe et en petits groupes, simulations, jeux de r\u00f4le).<\/li><\/ul><h4><strong>Est-ce que les participants connaissent les objectifs sp\u00e9cifiques pour chacun des cours?<\/strong><\/h4><ul><li><u>Formation en ligne<\/u>. Les objectifs sp\u00e9cifiques sont disponibles pour les apprenants au d\u00e9but de chacun des modules.<\/li><li><u>Formation en pr\u00e9sentiel.<\/u>\u00a0Les objectifs sp\u00e9cifiques sont partag\u00e9s par les facilitateurs avant chacune des activit\u00e9s.<\/li><\/ul><h4><strong>Comment recueillons-nous des commentaires apr\u00e8s la formation?<\/strong><\/h4><p>Les participants sont invit\u00e9s \u00e0 compl\u00e9ter une \u00e9valuation du programme en ligne apr\u00e8s la formation. Les participants nous informent s\u2019ils ont atteint les objectifs d\u2019apprentissage fix\u00e9s pour chacune des activit\u00e9s et nous partagent leur niveau de satisfaction et leurs commentaires. Jusqu\u2019\u00e0 maintenant, le taux de r\u00e9ponse \u00e0 ce questionnaire est de 60% (nous sommes donc tr\u00e8s fiers de votre participation puisqu\u2019habituellement, le taux moyen de r\u00e9ponse \u00e0 un sondage d\u2019environ 30%).<\/p><h4><strong>Est-ce que nous respectons les normes \u00e9thiques exig\u00e9es lors d\u2019une formation?<\/strong><\/h4><p>Les facilitateurs doivent remplir un formulaire de divulgation de conflits d\u2019int\u00e9r\u00eats permettant d\u2019identifier les affiliations, les int\u00e9r\u00eats financiers ou les int\u00e9r\u00eats de tout ordre avec une soci\u00e9t\u00e9\u0301 commerciale.<\/p><p>Nous ne faisons aucune publicite\u0301 pour un me\u0301dicament ou tout autre produit. Le nom ge\u0301ne\u0301rique des me\u0301dicaments est privile\u0301gi\u00e9. Toutefois, les noms commerciaux e\u0301tant habituellement plus faciles a\u0300 retenir, nous utilisons parfois le nom commercial en compl\u00e9ment du nom g\u00e9n\u00e9rique.<\/p>\t\t\t\t\t\t\t\t<\/div>\n\t\t\t\t<\/div>\n\t\t\t\t\t<\/div>\n\t\t<\/div>\n\t\t\t\t\t<\/div>\n\t\t<\/section>\n\t\t\t\t<\/div>\n\t\t","protected":false},"excerpt":{"rendered":"<p>Accr\u00e9ditation \u00a0 La formation EPICC favorise le d\u00e9veloppement professionnel continu des infirmiers et infirmi\u00e8res. Apr\u00e8s votre cours, vous recevrez une attestation qui pr\u00e9cise le nombre d\u2019heures de formation en ligne et en pr\u00e9sentiel auxquelles vous avez particip\u00e9. Comme ces heures sont admissibles pour des heures de formation accr\u00e9dit\u00e9es aupr\u00e8s de votre ordre professionnel, nous trouvons [&hellip;]<\/p>\n","protected":false},"author":1,"featured_media":0,"parent":240,"menu_order":3,"comment_status":"closed","ping_status":"closed","template":"","meta":{"ocean_post_layout":"","ocean_both_sidebars_style":"","ocean_both_sidebars_content_width":0,"ocean_both_sidebars_sidebars_width":0,"ocean_sidebar":"","ocean_second_sidebar":"","ocean_disable_margins":"enable","ocean_add_body_class":"","ocean_shortcode_before_top_bar":"","ocean_shortcode_after_top_bar":"","ocean_shortcode_before_header":"","ocean_shortcode_after_header":"","ocean_has_shortcode":"","ocean_shortcode_after_title":"","ocean_shortcode_before_footer_widgets":"","ocean_shortcode_after_footer_widgets":"","ocean_shortcode_before_footer_bottom":"","ocean_shortcode_after_footer_bottom":"","ocean_display_top_bar":"default","ocean_display_header":"default","ocean_header_style":"","ocean_center_header_left_menu":"","ocean_custom_header_template":"","ocean_custom_logo":0,"ocean_custom_retina_logo":0,"ocean_custom_logo_max_width":0,"ocean_custom_logo_tablet_max_width":0,"ocean_custom_logo_mobile_max_width":0,"ocean_custom_logo_max_height":0,"ocean_custom_logo_tablet_max_height":0,"ocean_custom_logo_mobile_max_height":0,"ocean_header_custom_menu":"","ocean_menu_typo_font_family":"","ocean_menu_typo_font_subset":"","ocean_menu_typo_font_size":0,"ocean_menu_typo_font_size_tablet":0,"ocean_menu_typo_font_size_mobile":0,"ocean_menu_typo_font_size_unit":"px","ocean_menu_typo_font_weight":"","ocean_menu_typo_font_weight_tablet":"","ocean_menu_typo_font_weight_mobile":"","ocean_menu_typo_transform":"","ocean_menu_typo_transform_tablet":"","ocean_menu_typo_transform_mobile":"","ocean_menu_typo_line_height":0,"ocean_menu_typo_line_height_tablet":0,"ocean_menu_typo_line_height_mobile":0,"ocean_menu_typo_line_height_unit":"","ocean_menu_typo_spacing":0,"ocean_menu_typo_spacing_tablet":0,"ocean_menu_typo_spacing_mobile":0,"ocean_menu_typo_spacing_unit":"","ocean_menu_link_color":"","ocean_menu_link_color_hover":"","ocean_menu_link_color_active":"","ocean_menu_link_background":"","ocean_menu_link_hover_background":"","ocean_menu_link_active_background":"","ocean_menu_social_links_bg":"","ocean_menu_social_hover_links_bg":"","ocean_menu_social_links_color":"","ocean_menu_social_hover_links_color":"","ocean_disable_title":"default","ocean_disable_heading":"default","ocean_post_title":"","ocean_post_subheading":"","ocean_post_title_style":"","ocean_post_title_background_color":"","ocean_post_title_background":0,"ocean_post_title_bg_image_position":"","ocean_post_title_bg_image_attachment":"","ocean_post_title_bg_image_repeat":"","ocean_post_title_bg_image_size":"","ocean_post_title_height":0,"ocean_post_title_bg_overlay":0.5,"ocean_post_title_bg_overlay_color":"","ocean_disable_breadcrumbs":"default","ocean_breadcrumbs_color":"","ocean_breadcrumbs_separator_color":"","ocean_breadcrumbs_links_color":"","ocean_breadcrumbs_links_hover_color":"","ocean_display_footer_widgets":"default","ocean_display_footer_bottom":"default","ocean_custom_footer_template":"","footnotes":""},"class_list":["post-255","page","type-page","status-publish","hentry","entry"],"_links":{"self":[{"href":"https:\/\/epicclearning.ca\/fr\/wp-json\/wp\/v2\/pages\/255","targetHints":{"allow":["GET"]}}],"collection":[{"href":"https:\/\/epicclearning.ca\/fr\/wp-json\/wp\/v2\/pages"}],"about":[{"href":"https:\/\/epicclearning.ca\/fr\/wp-json\/wp\/v2\/types\/page"}],"author":[{"embeddable":true,"href":"https:\/\/epicclearning.ca\/fr\/wp-json\/wp\/v2\/users\/1"}],"replies":[{"embeddable":true,"href":"https:\/\/epicclearning.ca\/fr\/wp-json\/wp\/v2\/comments?post=255"}],"version-history":[{"count":6,"href":"https:\/\/epicclearning.ca\/fr\/wp-json\/wp\/v2\/pages\/255\/revisions"}],"predecessor-version":[{"id":1014,"href":"https:\/\/epicclearning.ca\/fr\/wp-json\/wp\/v2\/pages\/255\/revisions\/1014"}],"up":[{"embeddable":true,"href":"https:\/\/epicclearning.ca\/fr\/wp-json\/wp\/v2\/pages\/240"}],"wp:attachment":[{"href":"https:\/\/epicclearning.ca\/fr\/wp-json\/wp\/v2\/media?parent=255"}],"curies":[{"name":"wp","href":"https:\/\/api.w.org\/{rel}","templated":true}]}}