{"id":2291,"date":"2024-12-10T10:29:44","date_gmt":"2024-12-10T17:29:44","guid":{"rendered":"https:\/\/epicclearning.ca\/lavenir-passionnant-depicc\/"},"modified":"2024-12-10T11:06:35","modified_gmt":"2024-12-10T18:06:35","slug":"lavenir-passionnant-depicc","status":"publish","type":"page","link":"https:\/\/epicclearning.ca\/fr\/lavenir-passionnant-depicc\/","title":{"rendered":"L&rsquo;avenir passionnant d&rsquo;EPICC"},"content":{"rendered":"\t\t<div data-elementor-type=\"wp-page\" data-elementor-id=\"2291\" class=\"elementor elementor-2291 elementor-2261\" data-elementor-post-type=\"page\">\n\t\t\t\t\t\t<section class=\"elementor-section elementor-top-section elementor-element elementor-element-32cb021 elementor-section-boxed elementor-section-height-default elementor-section-height-default\" data-id=\"32cb021\" data-element_type=\"section\">\n\t\t\t\t\t\t<div class=\"elementor-container elementor-column-gap-default\">\n\t\t\t\t\t<div class=\"elementor-column elementor-col-100 elementor-top-column elementor-element elementor-element-7cabc47\" data-id=\"7cabc47\" data-element_type=\"column\">\n\t\t\t<div class=\"elementor-widget-wrap elementor-element-populated\">\n\t\t\t\t\t\t<div class=\"elementor-element elementor-element-e5fbf44 elementor-widget elementor-widget-heading\" data-id=\"e5fbf44\" data-element_type=\"widget\" data-widget_type=\"heading.default\">\n\t\t\t\t<div class=\"elementor-widget-container\">\n\t\t\t\t\t<h2 class=\"elementor-heading-title elementor-size-default\">L'avenir passionnant d'EPICC<\/h2>\t\t\t\t<\/div>\n\t\t\t\t<\/div>\n\t\t\t\t\t<\/div>\n\t\t<\/div>\n\t\t\t\t\t<\/div>\n\t\t<\/section>\n\t\t\t\t<section class=\"elementor-section elementor-top-section elementor-element elementor-element-b6bc541 elementor-section-boxed elementor-section-height-default elementor-section-height-default\" data-id=\"b6bc541\" data-element_type=\"section\">\n\t\t\t\t\t\t<div class=\"elementor-container elementor-column-gap-default\">\n\t\t\t\t\t<div class=\"elementor-column elementor-col-100 elementor-top-column elementor-element elementor-element-53b3937\" data-id=\"53b3937\" data-element_type=\"column\">\n\t\t\t<div class=\"elementor-widget-wrap elementor-element-populated\">\n\t\t\t\t\t\t<div class=\"elementor-element elementor-element-909a07d elementor-widget elementor-widget-text-editor\" data-id=\"909a07d\" data-element_type=\"widget\" data-widget_type=\"text-editor.default\">\n\t\t\t\t<div class=\"elementor-widget-container\">\n\t\t\t\t\t\t\t\t\t<p style=\"font-weight: 400;\">Bonjour \u00e0 la famille EPICC,<\/p>\n<p style=\"font-weight: 400;\">Cela fait quelques mois que nous nous sommes embarqu\u00e9s dans notre projet commun avec ROSC Healthcare pour assurer la p\u00e9rennit\u00e9 des programmes EPICC.\u00a0 Beaucoup d&rsquo;entre vous ne connaissent peut-\u00eatre pas l&rsquo;histoire d\u2019EPICC, alors j&rsquo;aimerais vous donner un peu de renseignements et ensuite d\u00e9tailler la d\u00e9marche que nous avons choisie pour aller de l&rsquo;avant.<\/p>\n<p style=\"font-weight: 400;\">EPICC est \u00ab n\u00e9 \u00bb dans un bar d&rsquo;h\u00f4tel \u00e0 Edmonton pendant la conf\u00e9rence NENA en 2015, lorsque Monique, Brian, Denis, M\u00e9lanie et moi-m\u00eame nous sommes rencontr\u00e9s et nous sommes exprim\u00e9s sur le manque de formation en soins infirmiers d&rsquo;urgence qui soit canadienne et bilingue.\u00a0 Nous avons litt\u00e9ralement \u00e9labor\u00e9 une proposition en une nuit et l&rsquo;avons pr\u00e9sent\u00e9e le lendemain au conseil d&rsquo;administration de l&rsquo;Association nationale des infirmi\u00e8res et infirmiers d&rsquo;urgence (NENA).\u00a0 La proposition a \u00e9t\u00e9 accept\u00e9e et la NENA a conclu un partenariat \u00e0 parts \u00e9gales avec nous pour d\u00e9velopper EPICC- Fondements.<\/p>\n<p style=\"font-weight: 400;\">Au cours des deux ann\u00e9es suivantes, d&rsquo;innombrables b\u00e9n\u00e9voles, \u00e9tudiants en stage et autres collaborateurs ont mis au point EPICC- Fondements et, peu de temps apr\u00e8s, EPICC-Traumatologie.\u00a0 EPICC-P\u00e9diatrie a suivi quelques ann\u00e9es plus tard gr\u00e2ce \u00e0 une autre \u00e9quipe de b\u00e9n\u00e9voles qui s&rsquo;est attel\u00e9e \u00e0 cette t\u00e2che colossale.\u00a0 Au fil du temps, les programmes ont \u00e9t\u00e9 transf\u00e9r\u00e9s \u00e0 la Society of Professional in Emergency Care (SoPEC), qui est toujours l&rsquo;entit\u00e9 qui les g\u00e8re aujourd&rsquo;hui.<\/p>\n<p style=\"font-weight: 400;\">SoPEC n&rsquo;est compos\u00e9e que de cinq personnes&#8230; et nous sommes toujours tous b\u00e9n\u00e9voles.\u00a0 Personne n&rsquo;est pay\u00e9 pour concevoir quoi que ce soit, personne n&rsquo;est pay\u00e9 pour faire fonctionner le site web, personne n&rsquo;est pay\u00e9 pour faire fonctionner EPIRS&#8230; vous l&rsquo;avez compris.<\/p>\n<p style=\"font-weight: 400;\">La r\u00e9alit\u00e9 nous a maintenant frapp\u00e9s.\u00a0 EPICC s&rsquo;est d\u00e9velopp\u00e9 au point de n\u00e9cessiter un engagement \u00e0 temps plein.\u00a0 Les cinq membres de SoPEC ont de vraies vies, de vrais emplois, de vraies familles et le \u00ab fardeau \u00bb d\u2019EPICC apr\u00e8s les 10 derni\u00e8res ann\u00e9es est devenu insoutenable.\u00a0 Nous avons r\u00e9ussi \u00e0 maintenir les lumi\u00e8res allum\u00e9es sans augmenter les frais et en tant que groupe enti\u00e8rement b\u00e9n\u00e9vole.\u00a0 Pendant cette p\u00e9riode, nous avons surv\u00e9cu \u00e0 une pand\u00e9mie, \u00e0 une inflation historique, \u00e0 une augmentation des frais de d\u00e9placement et des co\u00fbts \u00e9lev\u00e9s.\u00a0 Nous n&rsquo;avons pas \u00e9t\u00e9 en mesure de nous r\u00e9unir en tant qu&rsquo;\u00e9quipes compl\u00e8tes en personne depuis avant la COVID en raison de probl\u00e8mes de financement.\u00a0 Il ne s&rsquo;agit pas d&rsquo;une histoire \u00e0 dormir debout&#8230; mais simplement de mettre en lumi\u00e8re notre r\u00e9alit\u00e9.\u00a0 Nous sommes fiers d&rsquo;\u00eatre arriv\u00e9s jusqu&rsquo;ici avec les fonds dont nous disposions, mais ce n&rsquo;est pas durable &#8211; ce serait formidable si rien d&rsquo;autre n&rsquo;avait augment\u00e9 au cours des dix derni\u00e8res ann\u00e9es, n&rsquo;est-ce pas ?\u00a0 La r\u00e9alit\u00e9 est que la plupart des d\u00e9penses ont plus que doubl\u00e9 et que SoPEC s&rsquo;est endett\u00e9e, car le monde a chang\u00e9 et pas nous.<\/p>\n<p style=\"font-weight: 400;\">Au d\u00e9but de l&rsquo;ann\u00e9e, ROSC Healthcare nous a contact\u00e9s en croyant fermement au programme EPICC. Ils souhaitaient contribuer \u00e0 son d\u00e9veloppement et lui apporter une certaine stabilit\u00e9, sachant qu&rsquo;il existait une opportunit\u00e9 de d\u00e9finir un mod\u00e8le de soins national complet en utilisant le mod\u00e8le \u00ab \u00c9valuation, POP, \u00c9checs \u00bb pour lequel EPICC s&rsquo;est fait conna\u00eetre.\u00a0 Si vous avez consult\u00e9 le site web de ROSC, vous avez vu qu&rsquo;ils passent au niveau sup\u00e9rieur avec des cours sur les soins hospitaliers, les soins pr\u00e9hospitaliers, etc.\u00a0 Ils ont \u00e9galement recr\u00e9\u00e9 toute la plateforme d&rsquo;apprentissage en ligne (\u00e0 leurs frais) afin que l&rsquo;avenir soit solide pour les programmes &#8211; et certains d&rsquo;entre vous ont eu l&rsquo;occasion d&rsquo;essayer la nouvelle plateforme.<\/p>\n<p style=\"font-weight: 400;\">Depuis l&rsquo;\u00e9t\u00e9 et le d\u00e9but de notre relation avec ROSC, ils ont \u00e9t\u00e9 occup\u00e9s en arri\u00e8re-plan \u00e0 \u00e9valuer ce dont le programme a besoin pour survivre \u00e0 l&rsquo;avenir.\u00a0 SoPEC et ROSC ont tous deux la passion de continuer&#8230; mais ROSC a le temps et les moyens de s&rsquo;en charger.\u00a0 Pour ces raisons, \u00e0 partir du 1er janvier 2025, nous transf\u00e9rerons officiellement les programmes EPICC \u00e0 ROSC Healthcare pour les op\u00e9rations \u00e0 venir.\u00a0 Bien entendu, vous aurez des questions, je vais donc essayer d&rsquo;y r\u00e9pondre ci-dessous.<\/p>\n<p style=\"font-weight: 400;\">Nous serons toujours l\u00e0, mais nous serons plus discrets qu&rsquo;auparavant.\u00a0 Vous \u00eates entre de bonnes mains avec l&rsquo;\u00e9quipe ROSC et nous sommes vraiment emball\u00e9s par ce qu&rsquo;ils vont apporter \u00e0 l&rsquo;avenir d\u2019EPICC.<\/p>\n<p style=\"font-weight: 400;\">Landon, Monique, Denis, M\u00e9lanie et Brian<\/p>\n\t\t\t\t\t\t\t\t<\/div>\n\t\t\t\t<\/div>\n\t\t\t\t<div class=\"elementor-element elementor-element-114ecd7 elementor-button-success elementor-align-center elementor-widget elementor-widget-button\" data-id=\"114ecd7\" data-element_type=\"widget\" data-widget_type=\"button.default\">\n\t\t\t\t<div class=\"elementor-widget-container\">\n\t\t\t\t\t\t\t\t\t<div class=\"elementor-button-wrapper\">\n\t\t\t\t\t<a class=\"elementor-button elementor-button-link elementor-size-sm\" href=\"#\">\n\t\t\t\t\t\t<span class=\"elementor-button-content-wrapper\">\n\t\t\t\t\t\t\t\t\t<span class=\"elementor-button-text\">Site web de ROSC Healthcare<\/span>\n\t\t\t\t\t<\/span>\n\t\t\t\t\t<\/a>\n\t\t\t\t<\/div>\n\t\t\t\t\t\t\t\t<\/div>\n\t\t\t\t<\/div>\n\t\t\t\t<div class=\"elementor-element elementor-element-e090939 elementor-widget-divider--view-line elementor-widget elementor-widget-divider\" data-id=\"e090939\" data-element_type=\"widget\" data-widget_type=\"divider.default\">\n\t\t\t\t<div class=\"elementor-widget-container\">\n\t\t\t\t\t\t\t<div class=\"elementor-divider\">\n\t\t\t<span class=\"elementor-divider-separator\">\n\t\t\t\t\t\t<\/span>\n\t\t<\/div>\n\t\t\t\t\t\t<\/div>\n\t\t\t\t<\/div>\n\t\t\t\t<div class=\"elementor-element elementor-element-e09c4a4 elementor-widget elementor-widget-heading\" data-id=\"e09c4a4\" data-element_type=\"widget\" data-widget_type=\"heading.default\">\n\t\t\t\t<div class=\"elementor-widget-container\">\n\t\t\t\t\t<h2 class=\"elementor-heading-title elementor-size-default\">Que se passe-t-il avec SoPEC ?<\/h2>\t\t\t\t<\/div>\n\t\t\t\t<\/div>\n\t\t\t\t<div class=\"elementor-element elementor-element-68cae5f elementor-widget elementor-widget-text-editor\" data-id=\"68cae5f\" data-element_type=\"widget\" data-widget_type=\"text-editor.default\">\n\t\t\t\t<div class=\"elementor-widget-container\">\n\t\t\t\t\t\t\t\t\t<p style=\"font-weight: 400;\">\u00c0 ce jour, SoPEC continuera d&rsquo;exister en tant qu&rsquo;auteur original du programme.\u00a0 Les cinq d&rsquo;entre nous seront des conseillers de ROSC et joueront un r\u00f4le dans les recommandations de contenu, les mod\u00e8les d&rsquo;\u00e9valuation et l&rsquo;\u00e9valuation\/recommandations du programme.\u00a0 Au fur et \u00e0 mesure de la transition du programme, nous r\u00e9\u00e9valuerons le r\u00f4le de SoPEC.<\/p>\n\t\t\t\t\t\t\t\t<\/div>\n\t\t\t\t<\/div>\n\t\t\t\t<div class=\"elementor-element elementor-element-f425ee8 elementor-widget elementor-widget-heading\" data-id=\"f425ee8\" data-element_type=\"widget\" data-widget_type=\"heading.default\">\n\t\t\t\t<div class=\"elementor-widget-container\">\n\t\t\t\t\t<h2 class=\"elementor-heading-title elementor-size-default\">Qu'en est-il de l'accr\u00e9ditation du programme ?<\/h2>\t\t\t\t<\/div>\n\t\t\t\t<\/div>\n\t\t\t\t<div class=\"elementor-element elementor-element-f57acdc elementor-widget elementor-widget-text-editor\" data-id=\"f57acdc\" data-element_type=\"widget\" data-widget_type=\"text-editor.default\">\n\t\t\t\t<div class=\"elementor-widget-container\">\n\t\t\t\t\t\t\t\t\t<p style=\"font-weight: 400;\">\n<p style=\"font-weight: 400;\">SoPEC continuera \u00e9galement \u00e0 agir en tant qu&rsquo;organisation ind\u00e9pendante responsable de l&rsquo;accr\u00e9ditation du programme &#8211; ce qui s\u00e9parera l&rsquo;accr\u00e9ditation des revenus du programme.\u00a0 Cela ajoute en fait une couche de cr\u00e9dibilit\u00e9 \u00e0 l&rsquo;accr\u00e9ditation (SoPEC ne tire aucun avantage financier de la mention \u00ab accr\u00e9dit\u00e9e \u00bb ou \u00ab non accr\u00e9dit\u00e9 \u00bb).\u00a0 Les autres cours actuels de 2 \u00e0 3 jours sont tous accr\u00e9dit\u00e9s par l&rsquo;organisation qui en est propri\u00e9taire, et nous sommes donc fiers de conserver cet aspect du programme.<\/p>\n\t\t\t\t\t\t\t\t<\/div>\n\t\t\t\t<\/div>\n\t\t\t\t<div class=\"elementor-element elementor-element-bce5e8e elementor-widget elementor-widget-heading\" data-id=\"bce5e8e\" data-element_type=\"widget\" data-widget_type=\"heading.default\">\n\t\t\t\t<div class=\"elementor-widget-container\">\n\t\t\t\t\t<h2 class=\"elementor-heading-title elementor-size-default\">Les programmes resteront-ils bilingues ?<\/h2>\t\t\t\t<\/div>\n\t\t\t\t<\/div>\n\t\t\t\t<div class=\"elementor-element elementor-element-9a22d9c elementor-widget elementor-widget-text-editor\" data-id=\"9a22d9c\" data-element_type=\"widget\" data-widget_type=\"text-editor.default\">\n\t\t\t\t<div class=\"elementor-widget-container\">\n\t\t\t\t\t\t\t\t\t<p>Oui. ROSC nous assure que tous les programmes demeureront bilingues. En fait, le premier \u00e9v\u00e8nement de ROSC pour un d\u00e9ploiement des nouveaux programmes EPICC a eu lieu \u00e0 Montr\u00e9al en novembre 2024 o\u00f9 ils ont lanc\u00e9 Triage, Flow, and Operations et le nouveau \u00ab Critical Care Anywhere \u00bb dans les deux langues. Vous pourrez communiquer avec ROSC en anglais ou en fran\u00e7ais.<\/p>\n\t\t\t\t\t\t\t\t<\/div>\n\t\t\t\t<\/div>\n\t\t\t\t<div class=\"elementor-element elementor-element-d1c9273 elementor-widget elementor-widget-heading\" data-id=\"d1c9273\" data-element_type=\"widget\" data-widget_type=\"heading.default\">\n\t\t\t\t<div class=\"elementor-widget-container\">\n\t\t\t\t\t<h2 class=\"elementor-heading-title elementor-size-default\">Le co\u00fbt va-t-il augmenter ?<\/h2>\t\t\t\t<\/div>\n\t\t\t\t<\/div>\n\t\t\t\t<div class=\"elementor-element elementor-element-b30622c elementor-widget elementor-widget-text-editor\" data-id=\"b30622c\" data-element_type=\"widget\" data-widget_type=\"text-editor.default\">\n\t\t\t\t<div class=\"elementor-widget-container\">\n\t\t\t\t\t\t\t\t\t<p style=\"font-weight: 400;\">Oui, le co\u00fbt augmentera et vous en entendrez parler par ROSC.\u00a0 Lorsque vous entendrez parler d&rsquo;augmentation des co\u00fbts, gardez \u00e0 l&rsquo;esprit que nous n&rsquo;avons jamais augment\u00e9 les co\u00fbts au cours des 10 derni\u00e8res ann\u00e9es et que certaines des frustrations que beaucoup d&rsquo;entre vous \u00e9prouvent \u00e0 l&rsquo;\u00e9gard du programme en sont le r\u00e9sultat.\u00a0 Nous esp\u00e9rons que vous pourrez continuer \u00e0 proposer les programmes EPICC et nous sommes convaincus que ROSC est pr\u00eat \u00e0 \u00e9couter chacun d&rsquo;entre vous sur la mani\u00e8re dont il peut vous aider \u00e0 atteindre cet objectif.\u00a0 ROSC apporte notamment une vaste exp\u00e9rience en mati\u00e8re de leadership organisationnel et financier.\u00a0 Ainsi, si vous \u00eates un facilitateur ou un \u00e9ducateur de premi\u00e8re ligne, vous n&rsquo;avez pas \u00e0 vous pr\u00e9occuper de la communication des co\u00fbts au sein de votre organisation.\u00a0 Ils sont pr\u00eats \u00e0 rencontrer les dirigeants et les services financiers de votre organisation pour discuter des finances \u00e0 venir.\u00a0 Ils \u00e9tudient \u00e9galement des mod\u00e8les de pr\u00e9paiement et des accords \u00e0 plus long terme qui pr\u00e9voient des mod\u00e8les de co\u00fbts diff\u00e9rents.<\/p>\n\t\t\t\t\t\t\t\t<\/div>\n\t\t\t\t<\/div>\n\t\t\t\t<div class=\"elementor-element elementor-element-731609b elementor-widget elementor-widget-heading\" data-id=\"731609b\" data-element_type=\"widget\" data-widget_type=\"heading.default\">\n\t\t\t\t<div class=\"elementor-widget-container\">\n\t\t\t\t\t<h2 class=\"elementor-heading-title elementor-size-default\">Qu'est-ce qui va changer ?<\/h2>\t\t\t\t<\/div>\n\t\t\t\t<\/div>\n\t\t\t\t<div class=\"elementor-element elementor-element-d94848a elementor-widget elementor-widget-text-editor\" data-id=\"d94848a\" data-element_type=\"widget\" data-widget_type=\"text-editor.default\">\n\t\t\t\t<div class=\"elementor-widget-container\">\n\t\t\t\t\t\t\t\t\t<p style=\"font-weight: 400;\">ROSC disposera d&rsquo;une \u00e9quipe d\u00e9di\u00e9e pour vous aider.\u00a0 Bien que les membres de SoPEC aient toujours \u00e9t\u00e9 \u00ab d\u00e9vou\u00e9s \u00bb, nous n&rsquo;avons pas n\u00e9cessairement toujours \u00e9t\u00e9 constants pour vous aider.\u00a0 Comme nous \u00e9quilibrons nos vies r\u00e9elles, vos apprenants doivent parfois attendre un certain temps avant d&rsquo;obtenir des r\u00e9ponses \u00e0 leurs questions ou un soutien en ligne.<\/p>\n<p style=\"font-weight: 400;\">Vous en avez assez de ces PDF du facilitateur qui ne s&rsquo;impriment pas ?\u00a0 C&rsquo;est \u00e0 ce genre de probl\u00e8mes que ROSC d\u00e9di\u00e9e s&rsquo;attellera.\u00a0 Ils ont des responsables dont le travail consiste \u00e0 vous aider.\u00a0 Ils pensent que les infirmi\u00e8res devraient s&rsquo;occuper des soins infirmiers et de l&rsquo;\u00e9ducation&#8230; et non pas se pr\u00e9occuper de l&rsquo;impression et du d\u00e9pannage.\u00a0 Ils ont du personnel pour cela !<\/p>\n<p style=\"font-weight: 400;\">\n<p style=\"font-weight: 400;\">L&rsquo;autre changement majeur sera l&rsquo;abandon progressif d\u2019EPIRS et de notre syst\u00e8me actuel d&rsquo;apprentissage en ligne au profit de syst\u00e8mes plus r\u00e9cents.\u00a0 Ce changement sera progressif et aura un impact minimal sur vous et vos apprenants.\u00a0 En ce qui concerne EPIRS en particulier, continuez \u00e0 faire ce que vous faites &#8211; nous effectuerons les transitions en arri\u00e8re-plan.\u00a0 Continuez \u00e0 inscrire vos cours et vos apprenants jusqu&rsquo;\u00e0 ce que vous entendiez parler du changement.\u00a0 Les cours qui sont \u00ab pris au milieu \u00bb (c&rsquo;est-\u00e0-dire de janvier \u00e0 mars pendant la transition) seront trait\u00e9s par SoPEC et ROSC.<\/p>\n\t\t\t\t\t\t\t\t<\/div>\n\t\t\t\t<\/div>\n\t\t\t\t<div class=\"elementor-element elementor-element-8ecc1c7 elementor-widget elementor-widget-heading\" data-id=\"8ecc1c7\" data-element_type=\"widget\" data-widget_type=\"heading.default\">\n\t\t\t\t<div class=\"elementor-widget-container\">\n\t\t\t\t\t<h2 class=\"elementor-heading-title elementor-size-default\">Est-ce que vous cinq (SoPEC) vendez cela pour un million de dollars ?<\/h2>\t\t\t\t<\/div>\n\t\t\t\t<\/div>\n\t\t\t\t<div class=\"elementor-element elementor-element-dad349e elementor-widget elementor-widget-text-editor\" data-id=\"dad349e\" data-element_type=\"widget\" data-widget_type=\"text-editor.default\">\n\t\t\t\t<div class=\"elementor-widget-container\">\n\t\t\t\t\t\t\t\t\t<p style=\"font-weight: 400;\">Non. Les membres individuels de SoPEC ne sont pas pay\u00e9s pour la \u00ab vente \u00bb du programme EPICC.\u00a0 Il y a quelques \u00e9l\u00e9ments financiers en arri\u00e8re-plan (dette, transfert de propri\u00e9t\u00e9, etc.) ; cependant, les cinq membres de SoPEC n&rsquo;en tirent aucun profit au-del\u00e0 des fonds qui leur sont dus. SoPEC est une soci\u00e9t\u00e9 \u00e0 but non lucratif et ne peut donc pas s&rsquo;engager dans des affaires avec l&rsquo;intention de faire des b\u00e9n\u00e9fices.\u00a0 Nous le faisons vraiment pour l&rsquo;avenir du programme.<\/p>\n\t\t\t\t\t\t\t\t<\/div>\n\t\t\t\t<\/div>\n\t\t\t\t\t<\/div>\n\t\t<\/div>\n\t\t\t\t\t<\/div>\n\t\t<\/section>\n\t\t\t\t<\/div>\n\t\t","protected":false},"excerpt":{"rendered":"<p>L&rsquo;avenir passionnant d&rsquo;EPICC Bonjour \u00e0 la famille EPICC, Cela fait quelques mois que nous nous sommes embarqu\u00e9s dans notre projet commun avec ROSC Healthcare pour assurer la p\u00e9rennit\u00e9 des programmes EPICC.\u00a0 Beaucoup d&rsquo;entre vous ne connaissent peut-\u00eatre pas l&rsquo;histoire d\u2019EPICC, alors j&rsquo;aimerais vous donner un peu de renseignements et ensuite d\u00e9tailler la d\u00e9marche que nous [&hellip;]<\/p>\n","protected":false},"author":1,"featured_media":0,"parent":0,"menu_order":0,"comment_status":"closed","ping_status":"closed","template":"","meta":{"ocean_post_layout":"","ocean_both_sidebars_style":"","ocean_both_sidebars_content_width":0,"ocean_both_sidebars_sidebars_width":0,"ocean_sidebar":"","ocean_second_sidebar":"","ocean_disable_margins":"enable","ocean_add_body_class":"","ocean_shortcode_before_top_bar":"","ocean_shortcode_after_top_bar":"","ocean_shortcode_before_header":"","ocean_shortcode_after_header":"","ocean_has_shortcode":"","ocean_shortcode_after_title":"","ocean_shortcode_before_footer_widgets":"","ocean_shortcode_after_footer_widgets":"","ocean_shortcode_before_footer_bottom":"","ocean_shortcode_after_footer_bottom":"","ocean_display_top_bar":"default","ocean_display_header":"default","ocean_header_style":"","ocean_center_header_left_menu":"","ocean_custom_header_template":"","ocean_custom_logo":0,"ocean_custom_retina_logo":0,"ocean_custom_logo_max_width":0,"ocean_custom_logo_tablet_max_width":0,"ocean_custom_logo_mobile_max_width":0,"ocean_custom_logo_max_height":0,"ocean_custom_logo_tablet_max_height":0,"ocean_custom_logo_mobile_max_height":0,"ocean_header_custom_menu":"","ocean_menu_typo_font_family":"","ocean_menu_typo_font_subset":"","ocean_menu_typo_font_size":0,"ocean_menu_typo_font_size_tablet":0,"ocean_menu_typo_font_size_mobile":0,"ocean_menu_typo_font_size_unit":"px","ocean_menu_typo_font_weight":"","ocean_menu_typo_font_weight_tablet":"","ocean_menu_typo_font_weight_mobile":"","ocean_menu_typo_transform":"","ocean_menu_typo_transform_tablet":"","ocean_menu_typo_transform_mobile":"","ocean_menu_typo_line_height":0,"ocean_menu_typo_line_height_tablet":0,"ocean_menu_typo_line_height_mobile":0,"ocean_menu_typo_line_height_unit":"","ocean_menu_typo_spacing":0,"ocean_menu_typo_spacing_tablet":0,"ocean_menu_typo_spacing_mobile":0,"ocean_menu_typo_spacing_unit":"","ocean_menu_link_color":"","ocean_menu_link_color_hover":"","ocean_menu_link_color_active":"","ocean_menu_link_background":"","ocean_menu_link_hover_background":"","ocean_menu_link_active_background":"","ocean_menu_social_links_bg":"","ocean_menu_social_hover_links_bg":"","ocean_menu_social_links_color":"","ocean_menu_social_hover_links_color":"","ocean_disable_title":"default","ocean_disable_heading":"default","ocean_post_title":"","ocean_post_subheading":"","ocean_post_title_style":"","ocean_post_title_background_color":"","ocean_post_title_background":0,"ocean_post_title_bg_image_position":"","ocean_post_title_bg_image_attachment":"","ocean_post_title_bg_image_repeat":"","ocean_post_title_bg_image_size":"","ocean_post_title_height":0,"ocean_post_title_bg_overlay":0.5,"ocean_post_title_bg_overlay_color":"","ocean_disable_breadcrumbs":"default","ocean_breadcrumbs_color":"","ocean_breadcrumbs_separator_color":"","ocean_breadcrumbs_links_color":"","ocean_breadcrumbs_links_hover_color":"","ocean_display_footer_widgets":"default","ocean_display_footer_bottom":"default","ocean_custom_footer_template":"","footnotes":""},"class_list":["post-2291","page","type-page","status-publish","hentry","entry"],"_links":{"self":[{"href":"https:\/\/epicclearning.ca\/fr\/wp-json\/wp\/v2\/pages\/2291","targetHints":{"allow":["GET"]}}],"collection":[{"href":"https:\/\/epicclearning.ca\/fr\/wp-json\/wp\/v2\/pages"}],"about":[{"href":"https:\/\/epicclearning.ca\/fr\/wp-json\/wp\/v2\/types\/page"}],"author":[{"embeddable":true,"href":"https:\/\/epicclearning.ca\/fr\/wp-json\/wp\/v2\/users\/1"}],"replies":[{"embeddable":true,"href":"https:\/\/epicclearning.ca\/fr\/wp-json\/wp\/v2\/comments?post=2291"}],"version-history":[{"count":6,"href":"https:\/\/epicclearning.ca\/fr\/wp-json\/wp\/v2\/pages\/2291\/revisions"}],"predecessor-version":[{"id":2303,"href":"https:\/\/epicclearning.ca\/fr\/wp-json\/wp\/v2\/pages\/2291\/revisions\/2303"}],"wp:attachment":[{"href":"https:\/\/epicclearning.ca\/fr\/wp-json\/wp\/v2\/media?parent=2291"}],"curies":[{"name":"wp","href":"https:\/\/api.w.org\/{rel}","templated":true}]}}