{"id":1683,"date":"2022-11-17T17:08:48","date_gmt":"2022-11-18T00:08:48","guid":{"rendered":"https:\/\/epicclearning.ca\/le-programme\/pediatrie\/"},"modified":"2022-11-17T18:24:06","modified_gmt":"2022-11-18T01:24:06","slug":"pediatrie","status":"publish","type":"page","link":"https:\/\/epicclearning.ca\/fr\/le-programme\/pediatrie\/","title":{"rendered":"P\u00e9diatrie"},"content":{"rendered":"\t\t<div data-elementor-type=\"wp-page\" data-elementor-id=\"1683\" class=\"elementor elementor-1683 elementor-1579\" data-elementor-post-type=\"page\">\n\t\t\t\t\t\t<section class=\"elementor-section elementor-top-section elementor-element elementor-element-539dddc2 elementor-section-boxed elementor-section-height-default elementor-section-height-default\" data-id=\"539dddc2\" data-element_type=\"section\">\n\t\t\t\t\t\t<div class=\"elementor-container elementor-column-gap-default\">\n\t\t\t\t\t<div class=\"elementor-column elementor-col-20 elementor-top-column elementor-element elementor-element-3d2ceeef\" data-id=\"3d2ceeef\" data-element_type=\"column\">\n\t\t\t<div class=\"elementor-widget-wrap elementor-element-populated\">\n\t\t\t\t\t\t<div class=\"elementor-element elementor-element-76ebbb92 elementor-widget elementor-widget-heading\" data-id=\"76ebbb92\" data-element_type=\"widget\" data-widget_type=\"heading.default\">\n\t\t\t\t<div class=\"elementor-widget-container\">\n\t\t\t\t\t<h4 class=\"elementor-heading-title elementor-size-default\">Les cours<\/h4>\t\t\t\t<\/div>\n\t\t\t\t<\/div>\n\t\t\t\t<div class=\"elementor-element elementor-element-285abbcb elementor-widget elementor-widget-heading\" data-id=\"285abbcb\" data-element_type=\"widget\" data-widget_type=\"heading.default\">\n\t\t\t\t<div class=\"elementor-widget-container\">\n\t\t\t\t\t<h5 class=\"elementor-heading-title elementor-size-default\">Consultez les diff\u00e9rents cours que nous proposons<\/h5>\t\t\t\t<\/div>\n\t\t\t\t<\/div>\n\t\t\t\t\t<\/div>\n\t\t<\/div>\n\t\t\t\t<div class=\"elementor-column elementor-col-20 elementor-top-column elementor-element elementor-element-4e31fe15\" data-id=\"4e31fe15\" data-element_type=\"column\">\n\t\t\t<div class=\"elementor-widget-wrap elementor-element-populated\">\n\t\t\t\t\t\t<div class=\"elementor-element elementor-element-20db9880 elementor-align-justify elementor-widget elementor-widget-button\" data-id=\"20db9880\" data-element_type=\"widget\" data-widget_type=\"button.default\">\n\t\t\t\t<div class=\"elementor-widget-container\">\n\t\t\t\t\t\t\t\t\t<div class=\"elementor-button-wrapper\">\n\t\t\t\t\t<a class=\"elementor-button elementor-button-link elementor-size-lg\" href=\"https:\/\/epicclearning.ca\/fr\/le-programme\/fondements\/\">\n\t\t\t\t\t\t<span class=\"elementor-button-content-wrapper\">\n\t\t\t\t\t\t\t\t\t<span class=\"elementor-button-text\">Fondements<\/span>\n\t\t\t\t\t<\/span>\n\t\t\t\t\t<\/a>\n\t\t\t\t<\/div>\n\t\t\t\t\t\t\t\t<\/div>\n\t\t\t\t<\/div>\n\t\t\t\t<div class=\"elementor-element elementor-element-7283d81f elementor-align-justify elementor-widget elementor-widget-button\" data-id=\"7283d81f\" data-element_type=\"widget\" data-widget_type=\"button.default\">\n\t\t\t\t<div class=\"elementor-widget-container\">\n\t\t\t\t\t\t\t\t\t<div class=\"elementor-button-wrapper\">\n\t\t\t\t\t<a class=\"elementor-button elementor-button-link elementor-size-lg\" href=\"https:\/\/epicclearning.ca\/fr\/le-programme\/traumatisme\/\">\n\t\t\t\t\t\t<span class=\"elementor-button-content-wrapper\">\n\t\t\t\t\t\t\t\t\t<span class=\"elementor-button-text\">Traumatisme<\/span>\n\t\t\t\t\t<\/span>\n\t\t\t\t\t<\/a>\n\t\t\t\t<\/div>\n\t\t\t\t\t\t\t\t<\/div>\n\t\t\t\t<\/div>\n\t\t\t\t\t<\/div>\n\t\t<\/div>\n\t\t\t\t<div class=\"elementor-column elementor-col-20 elementor-top-column elementor-element elementor-element-120ad36b\" data-id=\"120ad36b\" data-element_type=\"column\">\n\t\t\t<div class=\"elementor-widget-wrap elementor-element-populated\">\n\t\t\t\t\t\t<div class=\"elementor-element elementor-element-26b8b109 elementor-align-justify elementor-widget elementor-widget-button\" data-id=\"26b8b109\" data-element_type=\"widget\" data-widget_type=\"button.default\">\n\t\t\t\t<div class=\"elementor-widget-container\">\n\t\t\t\t\t\t\t\t\t<div class=\"elementor-button-wrapper\">\n\t\t\t\t\t<a class=\"elementor-button elementor-button-link elementor-size-lg\" href=\"https:\/\/epicclearning.ca\/fr\/le-programme\/pediatrie\/\">\n\t\t\t\t\t\t<span class=\"elementor-button-content-wrapper\">\n\t\t\t\t\t\t\t\t\t<span class=\"elementor-button-text\">P\u00e9diatrie<\/span>\n\t\t\t\t\t<\/span>\n\t\t\t\t\t<\/a>\n\t\t\t\t<\/div>\n\t\t\t\t\t\t\t\t<\/div>\n\t\t\t\t<\/div>\n\t\t\t\t<div class=\"elementor-element elementor-element-160a7949 elementor-align-justify elementor-widget elementor-widget-button\" data-id=\"160a7949\" data-element_type=\"widget\" data-widget_type=\"button.default\">\n\t\t\t\t<div class=\"elementor-widget-container\">\n\t\t\t\t\t\t\t\t\t<div class=\"elementor-button-wrapper\">\n\t\t\t\t\t<a class=\"elementor-button elementor-button-link elementor-size-lg\" href=\"https:\/\/epicclearning.ca\/fr\/le-programme\/triage-flux-et-operations\/\">\n\t\t\t\t\t\t<span class=\"elementor-button-content-wrapper\">\n\t\t\t\t\t\t\t\t\t<span class=\"elementor-button-text\">Triage\/Flux<\/span>\n\t\t\t\t\t<\/span>\n\t\t\t\t\t<\/a>\n\t\t\t\t<\/div>\n\t\t\t\t\t\t\t\t<\/div>\n\t\t\t\t<\/div>\n\t\t\t\t\t<\/div>\n\t\t<\/div>\n\t\t\t\t<div class=\"elementor-column elementor-col-20 elementor-top-column elementor-element elementor-element-3458fdaf\" data-id=\"3458fdaf\" data-element_type=\"column\">\n\t\t\t<div class=\"elementor-widget-wrap elementor-element-populated\">\n\t\t\t\t\t\t<div class=\"elementor-element elementor-element-1cd452f4 elementor-align-justify elementor-widget elementor-widget-button\" data-id=\"1cd452f4\" data-element_type=\"widget\" data-widget_type=\"button.default\">\n\t\t\t\t<div class=\"elementor-widget-container\">\n\t\t\t\t\t\t\t\t\t<div class=\"elementor-button-wrapper\">\n\t\t\t\t\t<a class=\"elementor-button elementor-button-link elementor-size-lg\" href=\"https:\/\/epicclearning.ca\/fr\/le-programme\/soins-intensifs\/\">\n\t\t\t\t\t\t<span class=\"elementor-button-content-wrapper\">\n\t\t\t\t\t\t\t\t\t<span class=\"elementor-button-text\">Soins intensifs<\/span>\n\t\t\t\t\t<\/span>\n\t\t\t\t\t<\/a>\n\t\t\t\t<\/div>\n\t\t\t\t\t\t\t\t<\/div>\n\t\t\t\t<\/div>\n\t\t\t\t<div class=\"elementor-element elementor-element-609bc9bf elementor-align-justify elementor-widget elementor-widget-button\" data-id=\"609bc9bf\" data-element_type=\"widget\" data-widget_type=\"button.default\">\n\t\t\t\t<div class=\"elementor-widget-container\">\n\t\t\t\t\t\t\t\t\t<div class=\"elementor-button-wrapper\">\n\t\t\t\t\t<a class=\"elementor-button elementor-button-link elementor-size-lg\" href=\"https:\/\/epicclearning.ca\/fr\/le-programme\/unites-des-soins\/\">\n\t\t\t\t\t\t<span class=\"elementor-button-content-wrapper\">\n\t\t\t\t\t\t\t\t\t<span class=\"elementor-button-text\">Unit\u00e9s des soins<\/span>\n\t\t\t\t\t<\/span>\n\t\t\t\t\t<\/a>\n\t\t\t\t<\/div>\n\t\t\t\t\t\t\t\t<\/div>\n\t\t\t\t<\/div>\n\t\t\t\t\t<\/div>\n\t\t<\/div>\n\t\t\t\t<div class=\"elementor-column elementor-col-20 elementor-top-column elementor-element elementor-element-4595be62\" data-id=\"4595be62\" data-element_type=\"column\">\n\t\t\t<div class=\"elementor-widget-wrap elementor-element-populated\">\n\t\t\t\t\t\t<div class=\"elementor-element elementor-element-2d28284 elementor-align-justify elementor-widget elementor-widget-button\" data-id=\"2d28284\" data-element_type=\"widget\" data-widget_type=\"button.default\">\n\t\t\t\t<div class=\"elementor-widget-container\">\n\t\t\t\t\t\t\t\t\t<div class=\"elementor-button-wrapper\">\n\t\t\t\t\t<a class=\"elementor-button elementor-button-link elementor-size-lg\" href=\"https:\/\/epicclearning.ca\/fr\/le-programme\/reanimation\/\">\n\t\t\t\t\t\t<span class=\"elementor-button-content-wrapper\">\n\t\t\t\t\t\t\t\t\t<span class=\"elementor-button-text\">R\u00e9animation<\/span>\n\t\t\t\t\t<\/span>\n\t\t\t\t\t<\/a>\n\t\t\t\t<\/div>\n\t\t\t\t\t\t\t\t<\/div>\n\t\t\t\t<\/div>\n\t\t\t\t<div class=\"elementor-element elementor-element-4b50e8c1 elementor-align-justify elementor-widget elementor-widget-button\" data-id=\"4b50e8c1\" data-element_type=\"widget\" data-widget_type=\"button.default\">\n\t\t\t\t<div class=\"elementor-widget-container\">\n\t\t\t\t\t\t\t\t\t<div class=\"elementor-button-wrapper\">\n\t\t\t\t\t<a class=\"elementor-button elementor-button-link elementor-size-lg\" href=\"https:\/\/epicclearning.ca\/fr\/le-programme\/facilitateur-2\/\">\n\t\t\t\t\t\t<span class=\"elementor-button-content-wrapper\">\n\t\t\t\t\t\t\t\t\t<span class=\"elementor-button-text\">Facilitateur<\/span>\n\t\t\t\t\t<\/span>\n\t\t\t\t\t<\/a>\n\t\t\t\t<\/div>\n\t\t\t\t\t\t\t\t<\/div>\n\t\t\t\t<\/div>\n\t\t\t\t\t<\/div>\n\t\t<\/div>\n\t\t\t\t\t<\/div>\n\t\t<\/section>\n\t\t\t\t<section class=\"elementor-section elementor-top-section elementor-element elementor-element-e36ff7b elementor-section-boxed elementor-section-height-default elementor-section-height-default\" data-id=\"e36ff7b\" data-element_type=\"section\">\n\t\t\t\t\t\t<div class=\"elementor-container elementor-column-gap-default\">\n\t\t\t\t\t<div class=\"elementor-column elementor-col-100 elementor-top-column elementor-element elementor-element-9c86079\" data-id=\"9c86079\" data-element_type=\"column\">\n\t\t\t<div class=\"elementor-widget-wrap elementor-element-populated\">\n\t\t\t\t\t\t<div class=\"elementor-element elementor-element-e2a5865 elementor-widget-divider--view-line elementor-widget elementor-widget-divider\" data-id=\"e2a5865\" data-element_type=\"widget\" data-widget_type=\"divider.default\">\n\t\t\t\t<div class=\"elementor-widget-container\">\n\t\t\t\t\t\t\t<div class=\"elementor-divider\">\n\t\t\t<span class=\"elementor-divider-separator\">\n\t\t\t\t\t\t<\/span>\n\t\t<\/div>\n\t\t\t\t\t\t<\/div>\n\t\t\t\t<\/div>\n\t\t\t\t<div class=\"elementor-element elementor-element-7e2604f elementor-widget elementor-widget-heading\" data-id=\"7e2604f\" data-element_type=\"widget\" data-widget_type=\"heading.default\">\n\t\t\t\t<div class=\"elementor-widget-container\">\n\t\t\t\t\t<h2 class=\"elementor-heading-title elementor-size-default\">Formation de p\u00e9diatrie<\/h2>\t\t\t\t<\/div>\n\t\t\t\t<\/div>\n\t\t\t\t<div class=\"elementor-element elementor-element-2d742c7 elementor-tabs-view-vertical elementor-widget elementor-widget-tabs\" data-id=\"2d742c7\" data-element_type=\"widget\" data-widget_type=\"tabs.default\">\n\t\t\t\t<div class=\"elementor-widget-container\">\n\t\t\t\t\t\t\t<div class=\"elementor-tabs\">\n\t\t\t<div class=\"elementor-tabs-wrapper\" role=\"tablist\" >\n\t\t\t\t\t\t\t\t\t<div id=\"elementor-tab-title-4761\" class=\"elementor-tab-title elementor-tab-desktop-title\" aria-selected=\"true\" data-tab=\"1\" role=\"tab\" tabindex=\"0\" aria-controls=\"elementor-tab-content-4761\" aria-expanded=\"false\">Cadre et Objectifs du Cours<\/div>\n\t\t\t\t\t\t\t\t\t<div id=\"elementor-tab-title-4762\" class=\"elementor-tab-title elementor-tab-desktop-title\" aria-selected=\"false\" data-tab=\"2\" role=\"tab\" tabindex=\"-1\" aria-controls=\"elementor-tab-content-4762\" aria-expanded=\"false\">But du Cours<\/div>\n\t\t\t\t\t\t\t\t\t<div id=\"elementor-tab-title-4763\" class=\"elementor-tab-title elementor-tab-desktop-title\" aria-selected=\"false\" data-tab=\"3\" role=\"tab\" tabindex=\"-1\" aria-controls=\"elementor-tab-content-4763\" aria-expanded=\"false\">Participants au cours<\/div>\n\t\t\t\t\t\t\t\t\t<div id=\"elementor-tab-title-4764\" class=\"elementor-tab-title elementor-tab-desktop-title\" aria-selected=\"false\" data-tab=\"4\" role=\"tab\" tabindex=\"-1\" aria-controls=\"elementor-tab-content-4764\" aria-expanded=\"false\">Format du cours<\/div>\n\t\t\t\t\t\t\t\t\t<div id=\"elementor-tab-title-4765\" class=\"elementor-tab-title elementor-tab-desktop-title\" aria-selected=\"false\" data-tab=\"5\" role=\"tab\" tabindex=\"-1\" aria-controls=\"elementor-tab-content-4765\" aria-expanded=\"false\">Dur\u00e9e et \u00e9valuation du cours<\/div>\n\t\t\t\t\t\t\t<\/div>\n\t\t\t<div class=\"elementor-tabs-content-wrapper\" role=\"tablist\" aria-orientation=\"vertical\">\n\t\t\t\t\t\t\t\t\t<div class=\"elementor-tab-title elementor-tab-mobile-title\" aria-selected=\"true\" data-tab=\"1\" role=\"tab\" tabindex=\"0\" aria-controls=\"elementor-tab-content-4761\" aria-expanded=\"false\">Cadre et Objectifs du Cours<\/div>\n\t\t\t\t\t<div id=\"elementor-tab-content-4761\" class=\"elementor-tab-content elementor-clearfix\" data-tab=\"1\" role=\"tabpanel\" aria-labelledby=\"elementor-tab-title-4761\" tabindex=\"0\" hidden=\"false\"><p>Ce programme fait une mise \u00e0 jour sur les raisons de consultation les plus fr\u00e9quentes de la client\u00e8le p\u00e9diatrique se pr\u00e9sentant dans les salles d\u2019urgence au Canada. Il vise \u00e9galement \u00e0 outiller les infirmi\u00e8res d\u2019urgence sur les soins sp\u00e9cifiques reli\u00e9s \u00e0 cette population particuli\u00e8re.<\/p>\n<\/div>\n\t\t\t\t\t\t\t\t\t<div class=\"elementor-tab-title elementor-tab-mobile-title\" aria-selected=\"false\" data-tab=\"2\" role=\"tab\" tabindex=\"-1\" aria-controls=\"elementor-tab-content-4762\" aria-expanded=\"false\">But du Cours<\/div>\n\t\t\t\t\t<div id=\"elementor-tab-content-4762\" class=\"elementor-tab-content elementor-clearfix\" data-tab=\"2\" role=\"tabpanel\" aria-labelledby=\"elementor-tab-title-4762\" tabindex=\"0\" hidden=\"hidden\"><p>Le but du cours est de proposer au personnel infirmier une approche syst\u00e9matique afin de prendre en charge la client\u00e8le p\u00e9diatrique tout en mettant l\u2019accent sur l\u2019\u00e9valuation, les soins en continu et les difficult\u00e9s particuli\u00e8res de cette population.<\/p>\n<\/div>\n\t\t\t\t\t\t\t\t\t<div class=\"elementor-tab-title elementor-tab-mobile-title\" aria-selected=\"false\" data-tab=\"3\" role=\"tab\" tabindex=\"-1\" aria-controls=\"elementor-tab-content-4763\" aria-expanded=\"false\">Participants au cours<\/div>\n\t\t\t\t\t<div id=\"elementor-tab-content-4763\" class=\"elementor-tab-content elementor-clearfix\" data-tab=\"3\" role=\"tabpanel\" aria-labelledby=\"elementor-tab-title-4763\" tabindex=\"0\" hidden=\"hidden\"><p>Les participants cibl\u00e9s pour cette formation sont des infirmi\u00e8res travaillant dans (ou int\u00e9ress\u00e9es \u00e0 travailler) dans un d\u00e9partement d\u2019urgence o\u00f9 la client\u00e8le p\u00e9diatrique est pr\u00e9sente, mais ne constitue pas la majorit\u00e9 des visites. D\u2019autres professionnels peuvent assister \u00e0 EPICC P\u00e9diatrique; cependant, seules les infirmi\u00e8res inscrites au tableau de leur ordre professionnel recevront leur certification.<\/p>\n<\/div>\n\t\t\t\t\t\t\t\t\t<div class=\"elementor-tab-title elementor-tab-mobile-title\" aria-selected=\"false\" data-tab=\"4\" role=\"tab\" tabindex=\"-1\" aria-controls=\"elementor-tab-content-4764\" aria-expanded=\"false\">Format du cours<\/div>\n\t\t\t\t\t<div id=\"elementor-tab-content-4764\" class=\"elementor-tab-content elementor-clearfix\" data-tab=\"4\" role=\"tabpanel\" aria-labelledby=\"elementor-tab-title-4764\" tabindex=\"0\" hidden=\"hidden\"><p>Le cours est un m\u00e9lange de modules pr\u00e9paratoires en ligne, de discussions et de pratique en petits groupes proposant les sujets suivants:<\/p>\n<h4>L\u2019apprentissage en ligne comprend:<\/h4>\n<h4>EPICC CONTENU DE BASE<\/h4>\n<h3>Ce contenu fait parti des programmes : EPICC-Fondements, Trauma et P\u00e9diatrie<\/h3>\n<ul>\n<li>Introduction aux programmes EPICC<\/li>\n<li>Cadre d\u2019\u00e9valuation EPICC<\/li>\n<li>Communication, travail d\u2019\u00e9quipe et gestion des ressources<\/li>\n<li>Atelier portant sur les voies a\u00e9riennes, la respiration et l\u2019oxyg\u00e9nation<\/li>\n<li>Acc\u00e8s vasculaire<\/li>\n<li>Contr\u00f4le de l\u2019infection<\/li>\n<\/ul>\n<h4>EPICC-CONTENU P\u00c9DIATRIE<\/h4>\n<ul>\n<li>Pr\u00e9sentations p\u00e9diatriques les plus communes<\/li>\n<li>Pr\u00e9vention des traumatismes\/Promotion de la sant\u00e9<\/li>\n<li>Les comparaisons\/contrastes entre les populations p\u00e9diatriques et adultes<\/li>\n<li>Reconnaissance rapide de la d\u00e9t\u00e9rioration<\/li>\n<li>Ressources pour les calculs de la m\u00e9dication et des fluides<\/li>\n<li>Reconnaissance de la maltraitance<\/li>\n<li>R\u00e9silience et croissance\/d\u00e9veloppement professionnelle<\/li>\n<\/ul>\n<h3>EPICC-P\u00c9DIATRIE : DIFF\u00c9RENTS SYST\u00c8MES<\/h3>\n<ul>\n<li>Maladies et blessures neurologiques<\/li>\n<li>Fi\u00e8vres et maladies infectieuses<\/li>\n<li>Troubles respiratoires<\/li>\n<li>Traumatismes peau \/ br\u00fblures<\/li>\n<li>Troubles gastroent\u00e9riques et g\u00e9nito-urinaires<\/li>\n<li>Troubles endocriniens<\/li>\n<\/ul>\n<h4>EPICC-P\u00c9DIATRIE: INTERVENTIONS ET COMP\u00c9TENCES<\/h4>\n<ul>\n<li>Gestion de la douleur<\/li>\n<li>Gestions des soins chez la client\u00e8le non coop\u00e9rative\/ en d\u00e9tresse psychologique<\/li>\n<li>Approche \u00e0 la famille et communication<\/li>\n<li>Atelier sur la gestion des solutions IV, insertion IV et positionnement<\/li>\n<li>M\u00e9dication\/Ressources<\/li>\n<\/ul>\n<h4>EPICC-P\u00c9DIATRIE: POPULATIONS SP\u00c9CIALES<\/h4>\n<ul>\n<li>Sant\u00e9 mentale\/Populations sp\u00e9ciales<\/li>\n<li>Trottineur et l\u2019enfant<\/li>\n<li>VRS (Virus respiratoire syncytial)<\/li>\n<li>Hypovol\u00e9mie et th\u00e9rapies de r\u00e9hydratation<\/li>\n<li>Traumatismes cr\u00e2niens et gestion du trauma cr\u00e2nien l\u00e9ger<\/li>\n<li>Ingestion de corps \u00e9trangers<\/li>\n<\/ul>\n<p>Cette session en pr\u00e9sentiel portera sur la simulation, en petits et grands groupes en pr\u00e9sentant divers sc\u00e9narios et les probl\u00e8mes les plus \u00e0 risque de survenir au d\u00e9partement d\u2019urgence.<\/p>\n<\/div>\n\t\t\t\t\t\t\t\t\t<div class=\"elementor-tab-title elementor-tab-mobile-title\" aria-selected=\"false\" data-tab=\"5\" role=\"tab\" tabindex=\"-1\" aria-controls=\"elementor-tab-content-4765\" aria-expanded=\"false\">Dur\u00e9e et \u00e9valuation du cours<\/div>\n\t\t\t\t\t<div id=\"elementor-tab-content-4765\" class=\"elementor-tab-content elementor-clearfix\" data-tab=\"5\" role=\"tabpanel\" aria-labelledby=\"elementor-tab-title-4765\" tabindex=\"0\" hidden=\"hidden\"><p>Le contenu en ligne avant le cours peut prendre de 4 \u00e0 8 heures selon les besoins. La portion en classe (pr\u00e9sentiel) sera d\u2019une dur\u00e9e de 2 jours. Il n\u2019y a pas d\u2019examen \u00e9crit; cependant, il existe un processus d\u2019\u00e9valuation individualis\u00e9 tout au long du cours<\/p>\n<\/div>\n\t\t\t\t\t\t\t<\/div>\n\t\t<\/div>\n\t\t\t\t\t\t<\/div>\n\t\t\t\t<\/div>\n\t\t\t\t\t<\/div>\n\t\t<\/div>\n\t\t\t\t\t<\/div>\n\t\t<\/section>\n\t\t\t\t<section class=\"elementor-section elementor-top-section elementor-element elementor-element-6e4d2039 elementor-section-boxed elementor-section-height-default elementor-section-height-default\" data-id=\"6e4d2039\" data-element_type=\"section\">\n\t\t\t\t\t\t<div class=\"elementor-container elementor-column-gap-default\">\n\t\t\t\t\t<div class=\"elementor-column elementor-col-100 elementor-top-column elementor-element elementor-element-60135c31\" data-id=\"60135c31\" data-element_type=\"column\" data-settings=\"{&quot;background_background&quot;:&quot;gradient&quot;}\">\n\t\t\t<div class=\"elementor-widget-wrap elementor-element-populated\">\n\t\t\t\t\t\t<div class=\"elementor-element elementor-element-e52c499 elementor-widget-divider--view-line elementor-widget elementor-widget-divider\" data-id=\"e52c499\" data-element_type=\"widget\" data-widget_type=\"divider.default\">\n\t\t\t\t<div class=\"elementor-widget-container\">\n\t\t\t\t\t\t\t<div class=\"elementor-divider\">\n\t\t\t<span class=\"elementor-divider-separator\">\n\t\t\t\t\t\t<\/span>\n\t\t<\/div>\n\t\t\t\t\t\t<\/div>\n\t\t\t\t<\/div>\n\t\t\t\t<div class=\"elementor-element elementor-element-63f2559b elementor-widget elementor-widget-heading\" data-id=\"63f2559b\" data-element_type=\"widget\" data-widget_type=\"heading.default\">\n\t\t\t\t<div class=\"elementor-widget-container\">\n\t\t\t\t\t<h2 class=\"elementor-heading-title elementor-size-default\">Haute-technologie?  Ou Haute-fid\u00e9lit\u00e9?<\/h2>\t\t\t\t<\/div>\n\t\t\t\t<\/div>\n\t\t\t\t<div class=\"elementor-element elementor-element-2051eab4 elementor-widget elementor-widget-text-editor\" data-id=\"2051eab4\" data-element_type=\"widget\" data-widget_type=\"text-editor.default\">\n\t\t\t\t<div class=\"elementor-widget-container\">\n\t\t\t\t\t\t\t\t\t<div class=\"elementor-element elementor-element-9b4669c elementor-widget elementor-widget-text-editor\" data-id=\"9b4669c\" data-element_type=\"widget\" data-widget_type=\"text-editor.default\">\n<div class=\"elementor-widget-container\">\n<p>Il est important de comprendre la diff\u00e9renciation entre haute fid\u00e9lit\u00e9 et haute technologie. La haute fid\u00e9lit\u00e9 est le r\u00e9alisme d\u2019une situation. La haute technologie est l\u2019utilisation de mannequins de simulation sp\u00e9cialis\u00e9s. EPICC utilise une simulation haute fid\u00e9lit\u00e9. Dans certaines situations, on peut \u00e9galement utiliser des mannequins de haute technologie. L\u2019EPICC utilise des m\u00e9thodes d\u2019apprentissage et d\u2019\u00e9valuation fond\u00e9es sur des donn\u00e9es probantes pour stimuler pleinement l\u2019apprenant adulte. Un contenu th\u00e9orique est disponible en ligne avant de se pr\u00e9senter au cours. Les diff\u00e9rents programmes EPICC utilisent des m\u00e9thodes d\u2019apprentissage compos\u00e9es d\u2019\u00e9tudes de cas et de simulation en petits et grands groupes \u2013 il n\u2019y a pas d\u2019enseignement avec des pr\u00e9sentations type PowerPoint. La p\u00e9dagogie utilis\u00e9e dans nos programmes am\u00e8ne un effet de levier sur le groupe\u2026 Lors des formations, nous croyons qu\u2019il est pr\u00e9f\u00e9rable d\u2019interagir plut\u00f4t que d\u2019\u00e9couter des pr\u00e9sentations.<\/p>\n<\/div>\n<\/div>\n\t\t\t\t\t\t\t\t<\/div>\n\t\t\t\t<\/div>\n\t\t\t\t\t<\/div>\n\t\t<\/div>\n\t\t\t\t\t<\/div>\n\t\t<\/section>\n\t\t\t\t<\/div>\n\t\t","protected":false},"excerpt":{"rendered":"<p>Les cours Consultez les diff\u00e9rents cours que nous proposons Fondements Traumatisme P\u00e9diatrie Triage\/Flux Soins intensifs Unit\u00e9s des soins R\u00e9animation Facilitateur Formation de p\u00e9diatrie Cadre et Objectifs du Cours But du Cours Participants au cours Format du cours Dur\u00e9e et \u00e9valuation du cours Cadre et Objectifs du Cours Ce programme fait une mise \u00e0 jour sur [&hellip;]<\/p>\n","protected":false},"author":1,"featured_media":0,"parent":264,"menu_order":0,"comment_status":"closed","ping_status":"closed","template":"","meta":{"ocean_post_layout":"","ocean_both_sidebars_style":"","ocean_both_sidebars_content_width":0,"ocean_both_sidebars_sidebars_width":0,"ocean_sidebar":"","ocean_second_sidebar":"","ocean_disable_margins":"enable","ocean_add_body_class":"","ocean_shortcode_before_top_bar":"","ocean_shortcode_after_top_bar":"","ocean_shortcode_before_header":"","ocean_shortcode_after_header":"","ocean_has_shortcode":"","ocean_shortcode_after_title":"","ocean_shortcode_before_footer_widgets":"","ocean_shortcode_after_footer_widgets":"","ocean_shortcode_before_footer_bottom":"","ocean_shortcode_after_footer_bottom":"","ocean_display_top_bar":"default","ocean_display_header":"default","ocean_header_style":"","ocean_center_header_left_menu":"","ocean_custom_header_template":"","ocean_custom_logo":0,"ocean_custom_retina_logo":0,"ocean_custom_logo_max_width":0,"ocean_custom_logo_tablet_max_width":0,"ocean_custom_logo_mobile_max_width":0,"ocean_custom_logo_max_height":0,"ocean_custom_logo_tablet_max_height":0,"ocean_custom_logo_mobile_max_height":0,"ocean_header_custom_menu":"","ocean_menu_typo_font_family":"","ocean_menu_typo_font_subset":"","ocean_menu_typo_font_size":0,"ocean_menu_typo_font_size_tablet":0,"ocean_menu_typo_font_size_mobile":0,"ocean_menu_typo_font_size_unit":"px","ocean_menu_typo_font_weight":"","ocean_menu_typo_font_weight_tablet":"","ocean_menu_typo_font_weight_mobile":"","ocean_menu_typo_transform":"","ocean_menu_typo_transform_tablet":"","ocean_menu_typo_transform_mobile":"","ocean_menu_typo_line_height":0,"ocean_menu_typo_line_height_tablet":0,"ocean_menu_typo_line_height_mobile":0,"ocean_menu_typo_line_height_unit":"","ocean_menu_typo_spacing":0,"ocean_menu_typo_spacing_tablet":0,"ocean_menu_typo_spacing_mobile":0,"ocean_menu_typo_spacing_unit":"","ocean_menu_link_color":"","ocean_menu_link_color_hover":"","ocean_menu_link_color_active":"","ocean_menu_link_background":"","ocean_menu_link_hover_background":"","ocean_menu_link_active_background":"","ocean_menu_social_links_bg":"","ocean_menu_social_hover_links_bg":"","ocean_menu_social_links_color":"","ocean_menu_social_hover_links_color":"","ocean_disable_title":"default","ocean_disable_heading":"default","ocean_post_title":"","ocean_post_subheading":"","ocean_post_title_style":"","ocean_post_title_background_color":"","ocean_post_title_background":0,"ocean_post_title_bg_image_position":"","ocean_post_title_bg_image_attachment":"","ocean_post_title_bg_image_repeat":"","ocean_post_title_bg_image_size":"","ocean_post_title_height":0,"ocean_post_title_bg_overlay":0.5,"ocean_post_title_bg_overlay_color":"","ocean_disable_breadcrumbs":"default","ocean_breadcrumbs_color":"","ocean_breadcrumbs_separator_color":"","ocean_breadcrumbs_links_color":"","ocean_breadcrumbs_links_hover_color":"","ocean_display_footer_widgets":"default","ocean_display_footer_bottom":"default","ocean_custom_footer_template":"","footnotes":""},"class_list":["post-1683","page","type-page","status-publish","hentry","entry"],"_links":{"self":[{"href":"https:\/\/epicclearning.ca\/fr\/wp-json\/wp\/v2\/pages\/1683","targetHints":{"allow":["GET"]}}],"collection":[{"href":"https:\/\/epicclearning.ca\/fr\/wp-json\/wp\/v2\/pages"}],"about":[{"href":"https:\/\/epicclearning.ca\/fr\/wp-json\/wp\/v2\/types\/page"}],"author":[{"embeddable":true,"href":"https:\/\/epicclearning.ca\/fr\/wp-json\/wp\/v2\/users\/1"}],"replies":[{"embeddable":true,"href":"https:\/\/epicclearning.ca\/fr\/wp-json\/wp\/v2\/comments?post=1683"}],"version-history":[{"count":5,"href":"https:\/\/epicclearning.ca\/fr\/wp-json\/wp\/v2\/pages\/1683\/revisions"}],"predecessor-version":[{"id":1802,"href":"https:\/\/epicclearning.ca\/fr\/wp-json\/wp\/v2\/pages\/1683\/revisions\/1802"}],"up":[{"embeddable":true,"href":"https:\/\/epicclearning.ca\/fr\/wp-json\/wp\/v2\/pages\/264"}],"wp:attachment":[{"href":"https:\/\/epicclearning.ca\/fr\/wp-json\/wp\/v2\/media?parent=1683"}],"curies":[{"name":"wp","href":"https:\/\/api.w.org\/{rel}","templated":true}]}}