{"id":1667,"date":"2022-11-17T15:44:39","date_gmt":"2022-11-17T22:44:39","guid":{"rendered":"https:\/\/epicclearning.ca\/le-programme\/traumatisme\/"},"modified":"2022-11-17T18:25:08","modified_gmt":"2022-11-18T01:25:08","slug":"traumatisme","status":"publish","type":"page","link":"https:\/\/epicclearning.ca\/fr\/le-programme\/traumatisme\/","title":{"rendered":"Traumatisme"},"content":{"rendered":"\t\t<div data-elementor-type=\"wp-page\" data-elementor-id=\"1667\" class=\"elementor elementor-1667 elementor-1574\" data-elementor-post-type=\"page\">\n\t\t\t\t\t\t<section class=\"elementor-section elementor-top-section elementor-element elementor-element-420234ed elementor-section-boxed elementor-section-height-default elementor-section-height-default\" data-id=\"420234ed\" data-element_type=\"section\">\n\t\t\t\t\t\t<div class=\"elementor-container elementor-column-gap-default\">\n\t\t\t\t\t<div class=\"elementor-column elementor-col-20 elementor-top-column elementor-element elementor-element-7a7aa42f\" data-id=\"7a7aa42f\" data-element_type=\"column\">\n\t\t\t<div class=\"elementor-widget-wrap elementor-element-populated\">\n\t\t\t\t\t\t<div class=\"elementor-element elementor-element-6f515a72 elementor-widget elementor-widget-heading\" data-id=\"6f515a72\" data-element_type=\"widget\" data-widget_type=\"heading.default\">\n\t\t\t\t<div class=\"elementor-widget-container\">\n\t\t\t\t\t<h4 class=\"elementor-heading-title elementor-size-default\">Les cours<\/h4>\t\t\t\t<\/div>\n\t\t\t\t<\/div>\n\t\t\t\t<div class=\"elementor-element elementor-element-762e6c5 elementor-widget elementor-widget-heading\" data-id=\"762e6c5\" data-element_type=\"widget\" data-widget_type=\"heading.default\">\n\t\t\t\t<div class=\"elementor-widget-container\">\n\t\t\t\t\t<h5 class=\"elementor-heading-title elementor-size-default\">Consultez les diff\u00e9rents cours que nous proposons<\/h5>\t\t\t\t<\/div>\n\t\t\t\t<\/div>\n\t\t\t\t\t<\/div>\n\t\t<\/div>\n\t\t\t\t<div class=\"elementor-column elementor-col-20 elementor-top-column elementor-element elementor-element-17d542ee\" data-id=\"17d542ee\" data-element_type=\"column\">\n\t\t\t<div class=\"elementor-widget-wrap elementor-element-populated\">\n\t\t\t\t\t\t<div class=\"elementor-element elementor-element-3424856e elementor-align-justify elementor-widget elementor-widget-button\" data-id=\"3424856e\" data-element_type=\"widget\" data-widget_type=\"button.default\">\n\t\t\t\t<div class=\"elementor-widget-container\">\n\t\t\t\t\t\t\t\t\t<div class=\"elementor-button-wrapper\">\n\t\t\t\t\t<a class=\"elementor-button elementor-button-link elementor-size-lg\" href=\"https:\/\/epicclearning.ca\/fr\/le-programme\/fondements\/\">\n\t\t\t\t\t\t<span class=\"elementor-button-content-wrapper\">\n\t\t\t\t\t\t\t\t\t<span class=\"elementor-button-text\">Fondements<\/span>\n\t\t\t\t\t<\/span>\n\t\t\t\t\t<\/a>\n\t\t\t\t<\/div>\n\t\t\t\t\t\t\t\t<\/div>\n\t\t\t\t<\/div>\n\t\t\t\t<div class=\"elementor-element elementor-element-216b42b0 elementor-align-justify elementor-widget elementor-widget-button\" data-id=\"216b42b0\" data-element_type=\"widget\" data-widget_type=\"button.default\">\n\t\t\t\t<div class=\"elementor-widget-container\">\n\t\t\t\t\t\t\t\t\t<div class=\"elementor-button-wrapper\">\n\t\t\t\t\t<a class=\"elementor-button elementor-button-link elementor-size-lg\" href=\"https:\/\/epicclearning.ca\/fr\/le-programme\/traumatisme\/\">\n\t\t\t\t\t\t<span class=\"elementor-button-content-wrapper\">\n\t\t\t\t\t\t\t\t\t<span class=\"elementor-button-text\">Traumatisme<\/span>\n\t\t\t\t\t<\/span>\n\t\t\t\t\t<\/a>\n\t\t\t\t<\/div>\n\t\t\t\t\t\t\t\t<\/div>\n\t\t\t\t<\/div>\n\t\t\t\t\t<\/div>\n\t\t<\/div>\n\t\t\t\t<div class=\"elementor-column elementor-col-20 elementor-top-column elementor-element elementor-element-3fca817b\" data-id=\"3fca817b\" data-element_type=\"column\">\n\t\t\t<div class=\"elementor-widget-wrap elementor-element-populated\">\n\t\t\t\t\t\t<div class=\"elementor-element elementor-element-5331ba20 elementor-align-justify elementor-widget elementor-widget-button\" data-id=\"5331ba20\" data-element_type=\"widget\" data-widget_type=\"button.default\">\n\t\t\t\t<div class=\"elementor-widget-container\">\n\t\t\t\t\t\t\t\t\t<div class=\"elementor-button-wrapper\">\n\t\t\t\t\t<a class=\"elementor-button elementor-button-link elementor-size-lg\" href=\"https:\/\/epicclearning.ca\/fr\/le-programme\/pediatrie\/\">\n\t\t\t\t\t\t<span class=\"elementor-button-content-wrapper\">\n\t\t\t\t\t\t\t\t\t<span class=\"elementor-button-text\">P\u00e9diatrie<\/span>\n\t\t\t\t\t<\/span>\n\t\t\t\t\t<\/a>\n\t\t\t\t<\/div>\n\t\t\t\t\t\t\t\t<\/div>\n\t\t\t\t<\/div>\n\t\t\t\t<div class=\"elementor-element elementor-element-303ed1d6 elementor-align-justify elementor-widget elementor-widget-button\" data-id=\"303ed1d6\" data-element_type=\"widget\" data-widget_type=\"button.default\">\n\t\t\t\t<div class=\"elementor-widget-container\">\n\t\t\t\t\t\t\t\t\t<div class=\"elementor-button-wrapper\">\n\t\t\t\t\t<a class=\"elementor-button elementor-button-link elementor-size-lg\" href=\"https:\/\/epicclearning.ca\/fr\/le-programme\/triage-flux-et-operations\/\">\n\t\t\t\t\t\t<span class=\"elementor-button-content-wrapper\">\n\t\t\t\t\t\t\t\t\t<span class=\"elementor-button-text\">Triage\/Flux<\/span>\n\t\t\t\t\t<\/span>\n\t\t\t\t\t<\/a>\n\t\t\t\t<\/div>\n\t\t\t\t\t\t\t\t<\/div>\n\t\t\t\t<\/div>\n\t\t\t\t\t<\/div>\n\t\t<\/div>\n\t\t\t\t<div class=\"elementor-column elementor-col-20 elementor-top-column elementor-element elementor-element-4e22a1d7\" data-id=\"4e22a1d7\" data-element_type=\"column\">\n\t\t\t<div class=\"elementor-widget-wrap elementor-element-populated\">\n\t\t\t\t\t\t<div class=\"elementor-element elementor-element-4f2b2c82 elementor-align-justify elementor-widget elementor-widget-button\" data-id=\"4f2b2c82\" data-element_type=\"widget\" data-widget_type=\"button.default\">\n\t\t\t\t<div class=\"elementor-widget-container\">\n\t\t\t\t\t\t\t\t\t<div class=\"elementor-button-wrapper\">\n\t\t\t\t\t<a class=\"elementor-button elementor-button-link elementor-size-lg\" href=\"https:\/\/epicclearning.ca\/fr\/le-programme\/soins-intensifs\/\">\n\t\t\t\t\t\t<span class=\"elementor-button-content-wrapper\">\n\t\t\t\t\t\t\t\t\t<span class=\"elementor-button-text\">Soins intensifs<\/span>\n\t\t\t\t\t<\/span>\n\t\t\t\t\t<\/a>\n\t\t\t\t<\/div>\n\t\t\t\t\t\t\t\t<\/div>\n\t\t\t\t<\/div>\n\t\t\t\t<div class=\"elementor-element elementor-element-11db17c9 elementor-align-justify elementor-widget elementor-widget-button\" data-id=\"11db17c9\" data-element_type=\"widget\" data-widget_type=\"button.default\">\n\t\t\t\t<div class=\"elementor-widget-container\">\n\t\t\t\t\t\t\t\t\t<div class=\"elementor-button-wrapper\">\n\t\t\t\t\t<a class=\"elementor-button elementor-button-link elementor-size-lg\" href=\"https:\/\/epicclearning.ca\/fr\/le-programme\/unites-des-soins\/\">\n\t\t\t\t\t\t<span class=\"elementor-button-content-wrapper\">\n\t\t\t\t\t\t\t\t\t<span class=\"elementor-button-text\">Unit\u00e9s des soins<\/span>\n\t\t\t\t\t<\/span>\n\t\t\t\t\t<\/a>\n\t\t\t\t<\/div>\n\t\t\t\t\t\t\t\t<\/div>\n\t\t\t\t<\/div>\n\t\t\t\t\t<\/div>\n\t\t<\/div>\n\t\t\t\t<div class=\"elementor-column elementor-col-20 elementor-top-column elementor-element elementor-element-5c143df7\" data-id=\"5c143df7\" data-element_type=\"column\">\n\t\t\t<div class=\"elementor-widget-wrap elementor-element-populated\">\n\t\t\t\t\t\t<div class=\"elementor-element elementor-element-5fedbf7a elementor-align-justify elementor-widget elementor-widget-button\" data-id=\"5fedbf7a\" data-element_type=\"widget\" data-widget_type=\"button.default\">\n\t\t\t\t<div class=\"elementor-widget-container\">\n\t\t\t\t\t\t\t\t\t<div class=\"elementor-button-wrapper\">\n\t\t\t\t\t<a class=\"elementor-button elementor-button-link elementor-size-lg\" href=\"https:\/\/epicclearning.ca\/fr\/le-programme\/reanimation\/\">\n\t\t\t\t\t\t<span class=\"elementor-button-content-wrapper\">\n\t\t\t\t\t\t\t\t\t<span class=\"elementor-button-text\">R\u00e9animation<\/span>\n\t\t\t\t\t<\/span>\n\t\t\t\t\t<\/a>\n\t\t\t\t<\/div>\n\t\t\t\t\t\t\t\t<\/div>\n\t\t\t\t<\/div>\n\t\t\t\t<div class=\"elementor-element elementor-element-1f14fdb7 elementor-align-justify elementor-widget elementor-widget-button\" data-id=\"1f14fdb7\" data-element_type=\"widget\" data-widget_type=\"button.default\">\n\t\t\t\t<div class=\"elementor-widget-container\">\n\t\t\t\t\t\t\t\t\t<div class=\"elementor-button-wrapper\">\n\t\t\t\t\t<a class=\"elementor-button elementor-button-link elementor-size-lg\" href=\"https:\/\/epicclearning.ca\/fr\/le-programme\/facilitateur-2\/\">\n\t\t\t\t\t\t<span class=\"elementor-button-content-wrapper\">\n\t\t\t\t\t\t\t\t\t<span class=\"elementor-button-text\">Facilitateur<\/span>\n\t\t\t\t\t<\/span>\n\t\t\t\t\t<\/a>\n\t\t\t\t<\/div>\n\t\t\t\t\t\t\t\t<\/div>\n\t\t\t\t<\/div>\n\t\t\t\t\t<\/div>\n\t\t<\/div>\n\t\t\t\t\t<\/div>\n\t\t<\/section>\n\t\t\t\t<section class=\"elementor-section elementor-top-section elementor-element elementor-element-e36ff7b elementor-section-boxed elementor-section-height-default elementor-section-height-default\" data-id=\"e36ff7b\" data-element_type=\"section\">\n\t\t\t\t\t\t<div class=\"elementor-container elementor-column-gap-default\">\n\t\t\t\t\t<div class=\"elementor-column elementor-col-100 elementor-top-column elementor-element elementor-element-9c86079\" data-id=\"9c86079\" data-element_type=\"column\">\n\t\t\t<div class=\"elementor-widget-wrap elementor-element-populated\">\n\t\t\t\t\t\t<div class=\"elementor-element elementor-element-e2a5865 elementor-widget-divider--view-line elementor-widget elementor-widget-divider\" data-id=\"e2a5865\" data-element_type=\"widget\" data-widget_type=\"divider.default\">\n\t\t\t\t<div class=\"elementor-widget-container\">\n\t\t\t\t\t\t\t<div class=\"elementor-divider\">\n\t\t\t<span class=\"elementor-divider-separator\">\n\t\t\t\t\t\t<\/span>\n\t\t<\/div>\n\t\t\t\t\t\t<\/div>\n\t\t\t\t<\/div>\n\t\t\t\t<div class=\"elementor-element elementor-element-7e2604f elementor-widget elementor-widget-heading\" data-id=\"7e2604f\" data-element_type=\"widget\" data-widget_type=\"heading.default\">\n\t\t\t\t<div class=\"elementor-widget-container\">\n\t\t\t\t\t<h2 class=\"elementor-heading-title elementor-size-default\">Formation de traumatisme<\/h2>\t\t\t\t<\/div>\n\t\t\t\t<\/div>\n\t\t\t\t<div class=\"elementor-element elementor-element-2d742c7 elementor-tabs-view-vertical elementor-widget elementor-widget-tabs\" data-id=\"2d742c7\" data-element_type=\"widget\" data-widget_type=\"tabs.default\">\n\t\t\t\t<div class=\"elementor-widget-container\">\n\t\t\t\t\t\t\t<div class=\"elementor-tabs\">\n\t\t\t<div class=\"elementor-tabs-wrapper\" role=\"tablist\" >\n\t\t\t\t\t\t\t\t\t<div id=\"elementor-tab-title-4761\" class=\"elementor-tab-title elementor-tab-desktop-title\" aria-selected=\"true\" data-tab=\"1\" role=\"tab\" tabindex=\"0\" aria-controls=\"elementor-tab-content-4761\" aria-expanded=\"false\">Cadre et objectifs du cours<\/div>\n\t\t\t\t\t\t\t\t\t<div id=\"elementor-tab-title-4762\" class=\"elementor-tab-title elementor-tab-desktop-title\" aria-selected=\"false\" data-tab=\"2\" role=\"tab\" tabindex=\"-1\" aria-controls=\"elementor-tab-content-4762\" aria-expanded=\"false\">But du cours<\/div>\n\t\t\t\t\t\t\t\t\t<div id=\"elementor-tab-title-4763\" class=\"elementor-tab-title elementor-tab-desktop-title\" aria-selected=\"false\" data-tab=\"3\" role=\"tab\" tabindex=\"-1\" aria-controls=\"elementor-tab-content-4763\" aria-expanded=\"false\">Participants au cours<\/div>\n\t\t\t\t\t\t\t\t\t<div id=\"elementor-tab-title-4764\" class=\"elementor-tab-title elementor-tab-desktop-title\" aria-selected=\"false\" data-tab=\"4\" role=\"tab\" tabindex=\"-1\" aria-controls=\"elementor-tab-content-4764\" aria-expanded=\"false\">Format du cours<\/div>\n\t\t\t\t\t\t\t\t\t<div id=\"elementor-tab-title-4765\" class=\"elementor-tab-title elementor-tab-desktop-title\" aria-selected=\"false\" data-tab=\"5\" role=\"tab\" tabindex=\"-1\" aria-controls=\"elementor-tab-content-4765\" aria-expanded=\"false\">Dur\u00e9e et \u00e9valuation du cours<\/div>\n\t\t\t\t\t\t\t<\/div>\n\t\t\t<div class=\"elementor-tabs-content-wrapper\" role=\"tablist\" aria-orientation=\"vertical\">\n\t\t\t\t\t\t\t\t\t<div class=\"elementor-tab-title elementor-tab-mobile-title\" aria-selected=\"true\" data-tab=\"1\" role=\"tab\" tabindex=\"0\" aria-controls=\"elementor-tab-content-4761\" aria-expanded=\"false\">Cadre et objectifs du cours<\/div>\n\t\t\t\t\t<div id=\"elementor-tab-content-4761\" class=\"elementor-tab-content elementor-clearfix\" data-tab=\"1\" role=\"tabpanel\" aria-labelledby=\"elementor-tab-title-4761\" tabindex=\"0\" hidden=\"false\"><p>Ce programme s\u2019appuie sur les crit\u00e8res de comp\u00e9tences de l\u2019Association Nationale des Infirmi\u00e8res et Infirmiers d\u2019Urgence (ANIIU\/NENA) sp\u00e9cifiques \u00e0 la client\u00e8le victime de traumatismes.\u00a0 Ces crit\u00e8res sont disponibles sur le site Web de NENA \u00e0\u00a0<a href=\"http:\/\/www.nena.ca\/\">www.nena.ca<\/a>. Le cours se concentre sur les soins d\u2019urgence en traumatologie pour la client\u00e8le adulte au d\u00e9partement d\u2019urgence.<\/p>\n<\/div>\n\t\t\t\t\t\t\t\t\t<div class=\"elementor-tab-title elementor-tab-mobile-title\" aria-selected=\"false\" data-tab=\"2\" role=\"tab\" tabindex=\"-1\" aria-controls=\"elementor-tab-content-4762\" aria-expanded=\"false\">But du cours<\/div>\n\t\t\t\t\t<div id=\"elementor-tab-content-4762\" class=\"elementor-tab-content elementor-clearfix\" data-tab=\"2\" role=\"tabpanel\" aria-labelledby=\"elementor-tab-title-4762\" tabindex=\"0\" hidden=\"hidden\"><p>Le but du cours est de fournir au personnel infirmier une approche syst\u00e9matique afin de prendre en charge le patient polytraumatis\u00e9 qui consulte au d\u00e9partement d\u2019urgence.\u00a0 Ce cours se concentre non seulement sur la r\u00e9animation du patient, mais va plus loin dans les soins en continu et aide \u00e0 d\u00e9terminer les lacunes fr\u00e9quentes aupr\u00e8s de cette population.<\/p>\n<\/div>\n\t\t\t\t\t\t\t\t\t<div class=\"elementor-tab-title elementor-tab-mobile-title\" aria-selected=\"false\" data-tab=\"3\" role=\"tab\" tabindex=\"-1\" aria-controls=\"elementor-tab-content-4763\" aria-expanded=\"false\">Participants au cours<\/div>\n\t\t\t\t\t<div id=\"elementor-tab-content-4763\" class=\"elementor-tab-content elementor-clearfix\" data-tab=\"3\" role=\"tabpanel\" aria-labelledby=\"elementor-tab-title-4763\" tabindex=\"0\" hidden=\"hidden\"><p>Les participants cibl\u00e9s pour cette formation sont des infirmi\u00e8res travaillant (ou int\u00e9ress\u00e9s \u00e0 travailler) dans un d\u00e9partement d\u2019urgence. D\u2019autres professionnels peuvent assister \u00e0 EPICC; cependant, seules les infirmi\u00e8res recevront leur certification.<\/p>\n<\/div>\n\t\t\t\t\t\t\t\t\t<div class=\"elementor-tab-title elementor-tab-mobile-title\" aria-selected=\"false\" data-tab=\"4\" role=\"tab\" tabindex=\"-1\" aria-controls=\"elementor-tab-content-4764\" aria-expanded=\"false\">Format du cours<\/div>\n\t\t\t\t\t<div id=\"elementor-tab-content-4764\" class=\"elementor-tab-content elementor-clearfix\" data-tab=\"4\" role=\"tabpanel\" aria-labelledby=\"elementor-tab-title-4764\" tabindex=\"0\" hidden=\"hidden\"><p>Le cours est un m\u00e9lange de modules pr\u00e9paratoires en ligne, de discussions et de pratique en petits groupes couvrant les sujets suivants: L\u2019apprentissage en ligne comprend:<\/p>\n<h4>Contenu de base EPICC<\/h4>\n<h3>Ce contenu fait parti des deux programmes\u00a0: EPICC-Fondements et EPICC-Trauma<\/h3>\n<ul>\n<li>Introduction aux programmes EPICC<\/li>\n<li>Cadre d\u2019\u00e9valuation EPICC<\/li>\n<li>Communication, travail d\u2019\u00e9quipe et gestion des ressources<\/li>\n<li>Atelier portant sur les voies a\u00e9riennes, la respiration et la circulation (y compris la th\u00e9orie sur ISR)<\/li>\n<li>Acc\u00e8s vasculaire<\/li>\n<li>Pr\u00e9vention et contr\u00f4le de l\u2019infection<\/li>\n<\/ul>\n<h4>Contenu EPICC-Trauma<\/h4>\n<ul>\n<li>Les syst\u00e8mes de trauma et les centres d\u00e9sign\u00e9s<\/li>\n<li>Pr\u00e9vention des traumatismes<\/li>\n<li>Biom\u00e9canique et m\u00e9canismes de traumatismes<\/li>\n<li>Communication et gestion des ressources<\/li>\n<li>Choc<\/li>\n<\/ul>\n<h4>EPICC-Trauma\u00a0: Diff\u00e9rents syst\u00e8mes<\/h4>\n<ul>\n<li>Traumatismes cranioc\u00e9r\u00e9braux<\/li>\n<li>Traumatismes thoraciques<\/li>\n<li>Traumatismes abdominaux<\/li>\n<li>Traumatismes musculo-squelettiques<\/li>\n<li>Traumatismes peau \/ br\u00fblures<\/li>\n<li>Traumatismes de la colonne vert\u00e9brale et de la moelle \u00e9pini\u00e8re<\/li>\n<li>Traumatismes maxillofaciaux<\/li>\n<\/ul>\n<h4>EPICC-Trauma\u00a0: Interventions et Complications<\/h4>\n<ul>\n<li>Douleur aigu\u00eb chez le traumatis\u00e9<\/li>\n<li>M\u00e9dication sp\u00e9cifique en traumato<\/li>\n<li>Diagnostics en traumato<\/li>\n<li>Complications en traumato<\/li>\n<li>Tendances \u00e0 la mode dans les soins en traumato<\/li>\n<\/ul>\n<h4>EPICC-Trauma\u00a0: Populations sp\u00e9ciales<\/h4>\n<ul>\n<li>Traumatismes p\u00e9diatriques<\/li>\n<li>Traumatismes g\u00e9riatriques<\/li>\n<li>Traumatismes chez la femme enceinte<\/li>\n<li>Hypothermie<\/li>\n<li>Accident de d\u00e9compression<\/li>\n<\/ul>\n<p>Cette session en pr\u00e9sentiel portera sur la simulation, en petits et grands groupes en pr\u00e9sentant divers sc\u00e9narios et les probl\u00e8mes les plus \u00e0 risque de survenir au d\u00e9partement d\u2019urgence.<\/p>\n<\/div>\n\t\t\t\t\t\t\t\t\t<div class=\"elementor-tab-title elementor-tab-mobile-title\" aria-selected=\"false\" data-tab=\"5\" role=\"tab\" tabindex=\"-1\" aria-controls=\"elementor-tab-content-4765\" aria-expanded=\"false\">Dur\u00e9e et \u00e9valuation du cours<\/div>\n\t\t\t\t\t<div id=\"elementor-tab-content-4765\" class=\"elementor-tab-content elementor-clearfix\" data-tab=\"5\" role=\"tabpanel\" aria-labelledby=\"elementor-tab-title-4765\" tabindex=\"0\" hidden=\"hidden\"><p>Le contenu en ligne avant le cours peut prendre de 4 \u00e0 8 heures selon les besoins. La portion en classe (pr\u00e9sentiel) sera de 1 journ\u00e9e et n\u00e9cessite d\u2019avoir suivi EPICC-Fondements ou EPICC-P\u00e9diatrie au pr\u00e9alable. Il n\u2019y a pas d\u2019examen \u00e9crit; cependant, il existe un processus d\u2019\u00e9valuation individualis\u00e9 tout au long du cours.<\/p>\n<\/div>\n\t\t\t\t\t\t\t<\/div>\n\t\t<\/div>\n\t\t\t\t\t\t<\/div>\n\t\t\t\t<\/div>\n\t\t\t\t\t<\/div>\n\t\t<\/div>\n\t\t\t\t\t<\/div>\n\t\t<\/section>\n\t\t\t\t<section class=\"elementor-section elementor-top-section elementor-element elementor-element-248ecb20 elementor-section-boxed elementor-section-height-default elementor-section-height-default\" data-id=\"248ecb20\" data-element_type=\"section\">\n\t\t\t\t\t\t<div class=\"elementor-container elementor-column-gap-default\">\n\t\t\t\t\t<div class=\"elementor-column elementor-col-100 elementor-top-column elementor-element elementor-element-40528616\" data-id=\"40528616\" data-element_type=\"column\" data-settings=\"{&quot;background_background&quot;:&quot;gradient&quot;}\">\n\t\t\t<div class=\"elementor-widget-wrap elementor-element-populated\">\n\t\t\t\t\t\t<div class=\"elementor-element elementor-element-85a994b elementor-widget-divider--view-line elementor-widget elementor-widget-divider\" data-id=\"85a994b\" data-element_type=\"widget\" data-widget_type=\"divider.default\">\n\t\t\t\t<div class=\"elementor-widget-container\">\n\t\t\t\t\t\t\t<div class=\"elementor-divider\">\n\t\t\t<span class=\"elementor-divider-separator\">\n\t\t\t\t\t\t<\/span>\n\t\t<\/div>\n\t\t\t\t\t\t<\/div>\n\t\t\t\t<\/div>\n\t\t\t\t<div class=\"elementor-element elementor-element-6c7f7638 elementor-widget elementor-widget-heading\" data-id=\"6c7f7638\" data-element_type=\"widget\" data-widget_type=\"heading.default\">\n\t\t\t\t<div class=\"elementor-widget-container\">\n\t\t\t\t\t<h2 class=\"elementor-heading-title elementor-size-default\">Haute-technologie?  Ou Haute-fid\u00e9lit\u00e9?<\/h2>\t\t\t\t<\/div>\n\t\t\t\t<\/div>\n\t\t\t\t<div class=\"elementor-element elementor-element-3f0bce92 elementor-widget elementor-widget-text-editor\" data-id=\"3f0bce92\" data-element_type=\"widget\" data-widget_type=\"text-editor.default\">\n\t\t\t\t<div class=\"elementor-widget-container\">\n\t\t\t\t\t\t\t\t\t<p>Il est important de comprendre la diff\u00e9renciation entre haute fid\u00e9lit\u00e9 et haute technologie. La haute fid\u00e9lit\u00e9 est le r\u00e9alisme d\u2019une situation. La haute technologie est l\u2019utilisation de mannequins de simulation sp\u00e9cialis\u00e9s. EPICC utilise une simulation haute fid\u00e9lit\u00e9. Dans certaines situations, on peut \u00e9galement utiliser des mannequins de haute technologie. L\u2019EPICC utilise des m\u00e9thodes d\u2019apprentissage et d\u2019\u00e9valuation fond\u00e9es sur des donn\u00e9es probantes pour stimuler pleinement l\u2019apprenant adulte. Un contenu th\u00e9orique est disponible en ligne avant de se pr\u00e9senter au cours. Les diff\u00e9rents programmes EPICC utilisent des m\u00e9thodes d\u2019apprentissage compos\u00e9es d\u2019\u00e9tudes de cas et de simulation en petits et grands groupes \u2013 il n\u2019y a pas d\u2019enseignement avec des pr\u00e9sentations type PowerPoint. La p\u00e9dagogie utilis\u00e9e dans nos programmes am\u00e8ne un effet de levier sur le groupe\u2026 Lors des formations, nous croyons qu\u2019il est pr\u00e9f\u00e9rable d\u2019interagir plut\u00f4t que d\u2019\u00e9couter des pr\u00e9sentations.<\/p>\n\t\t\t\t\t\t\t\t<\/div>\n\t\t\t\t<\/div>\n\t\t\t\t\t<\/div>\n\t\t<\/div>\n\t\t\t\t\t<\/div>\n\t\t<\/section>\n\t\t\t\t<\/div>\n\t\t","protected":false},"excerpt":{"rendered":"<p>Les cours Consultez les diff\u00e9rents cours que nous proposons Fondements Traumatisme P\u00e9diatrie Triage\/Flux Soins intensifs Unit\u00e9s des soins R\u00e9animation Facilitateur Formation de traumatisme Cadre et objectifs du cours But du cours Participants au cours Format du cours Dur\u00e9e et \u00e9valuation du cours Cadre et objectifs du cours Ce programme s\u2019appuie sur les crit\u00e8res de comp\u00e9tences [&hellip;]<\/p>\n","protected":false},"author":1,"featured_media":0,"parent":264,"menu_order":0,"comment_status":"closed","ping_status":"closed","template":"","meta":{"ocean_post_layout":"","ocean_both_sidebars_style":"","ocean_both_sidebars_content_width":0,"ocean_both_sidebars_sidebars_width":0,"ocean_sidebar":"","ocean_second_sidebar":"","ocean_disable_margins":"enable","ocean_add_body_class":"","ocean_shortcode_before_top_bar":"","ocean_shortcode_after_top_bar":"","ocean_shortcode_before_header":"","ocean_shortcode_after_header":"","ocean_has_shortcode":"","ocean_shortcode_after_title":"","ocean_shortcode_before_footer_widgets":"","ocean_shortcode_after_footer_widgets":"","ocean_shortcode_before_footer_bottom":"","ocean_shortcode_after_footer_bottom":"","ocean_display_top_bar":"default","ocean_display_header":"default","ocean_header_style":"","ocean_center_header_left_menu":"","ocean_custom_header_template":"","ocean_custom_logo":0,"ocean_custom_retina_logo":0,"ocean_custom_logo_max_width":0,"ocean_custom_logo_tablet_max_width":0,"ocean_custom_logo_mobile_max_width":0,"ocean_custom_logo_max_height":0,"ocean_custom_logo_tablet_max_height":0,"ocean_custom_logo_mobile_max_height":0,"ocean_header_custom_menu":"","ocean_menu_typo_font_family":"","ocean_menu_typo_font_subset":"","ocean_menu_typo_font_size":0,"ocean_menu_typo_font_size_tablet":0,"ocean_menu_typo_font_size_mobile":0,"ocean_menu_typo_font_size_unit":"px","ocean_menu_typo_font_weight":"","ocean_menu_typo_font_weight_tablet":"","ocean_menu_typo_font_weight_mobile":"","ocean_menu_typo_transform":"","ocean_menu_typo_transform_tablet":"","ocean_menu_typo_transform_mobile":"","ocean_menu_typo_line_height":0,"ocean_menu_typo_line_height_tablet":0,"ocean_menu_typo_line_height_mobile":0,"ocean_menu_typo_line_height_unit":"","ocean_menu_typo_spacing":0,"ocean_menu_typo_spacing_tablet":0,"ocean_menu_typo_spacing_mobile":0,"ocean_menu_typo_spacing_unit":"","ocean_menu_link_color":"","ocean_menu_link_color_hover":"","ocean_menu_link_color_active":"","ocean_menu_link_background":"","ocean_menu_link_hover_background":"","ocean_menu_link_active_background":"","ocean_menu_social_links_bg":"","ocean_menu_social_hover_links_bg":"","ocean_menu_social_links_color":"","ocean_menu_social_hover_links_color":"","ocean_disable_title":"default","ocean_disable_heading":"default","ocean_post_title":"","ocean_post_subheading":"","ocean_post_title_style":"","ocean_post_title_background_color":"","ocean_post_title_background":0,"ocean_post_title_bg_image_position":"","ocean_post_title_bg_image_attachment":"","ocean_post_title_bg_image_repeat":"","ocean_post_title_bg_image_size":"","ocean_post_title_height":0,"ocean_post_title_bg_overlay":0.5,"ocean_post_title_bg_overlay_color":"","ocean_disable_breadcrumbs":"default","ocean_breadcrumbs_color":"","ocean_breadcrumbs_separator_color":"","ocean_breadcrumbs_links_color":"","ocean_breadcrumbs_links_hover_color":"","ocean_display_footer_widgets":"default","ocean_display_footer_bottom":"default","ocean_custom_footer_template":"","footnotes":""},"class_list":["post-1667","page","type-page","status-publish","hentry","entry"],"_links":{"self":[{"href":"https:\/\/epicclearning.ca\/fr\/wp-json\/wp\/v2\/pages\/1667","targetHints":{"allow":["GET"]}}],"collection":[{"href":"https:\/\/epicclearning.ca\/fr\/wp-json\/wp\/v2\/pages"}],"about":[{"href":"https:\/\/epicclearning.ca\/fr\/wp-json\/wp\/v2\/types\/page"}],"author":[{"embeddable":true,"href":"https:\/\/epicclearning.ca\/fr\/wp-json\/wp\/v2\/users\/1"}],"replies":[{"embeddable":true,"href":"https:\/\/epicclearning.ca\/fr\/wp-json\/wp\/v2\/comments?post=1667"}],"version-history":[{"count":7,"href":"https:\/\/epicclearning.ca\/fr\/wp-json\/wp\/v2\/pages\/1667\/revisions"}],"predecessor-version":[{"id":1804,"href":"https:\/\/epicclearning.ca\/fr\/wp-json\/wp\/v2\/pages\/1667\/revisions\/1804"}],"up":[{"embeddable":true,"href":"https:\/\/epicclearning.ca\/fr\/wp-json\/wp\/v2\/pages\/264"}],"wp:attachment":[{"href":"https:\/\/epicclearning.ca\/fr\/wp-json\/wp\/v2\/media?parent=1667"}],"curies":[{"name":"wp","href":"https:\/\/api.w.org\/{rel}","templated":true}]}}